{"id":471,"date":"2023-08-11T13:47:45","date_gmt":"2023-08-11T13:47:45","guid":{"rendered":"https:\/\/preview.reitsimulator-niederrhein.de\/?page_id=471"},"modified":"2025-08-15T07:16:06","modified_gmt":"2025-08-15T07:16:06","slug":"elementor-471","status":"publish","type":"page","link":"https:\/\/reitsimulator-rhein-ruhr.de\/index.php\/elementor-471\/","title":{"rendered":"Reitsimulator im Reitbetrieb"},"content":{"rendered":"\t\t<div data-elementor-type=\"wp-page\" data-elementor-id=\"471\" class=\"elementor elementor-471\" data-elementor-post-type=\"page\">\n\t\t\t\t<div class=\"elementor-element elementor-element-8d692e3 e-flex e-con-boxed e-con e-parent\" data-id=\"8d692e3\" data-element_type=\"container\" data-e-type=\"container\">\n\t\t\t\t\t<div class=\"e-con-inner\">\n\t\t<div class=\"elementor-element elementor-element-e245b7b e-grid e-con-boxed e-con e-child\" data-id=\"e245b7b\" data-element_type=\"container\" data-e-type=\"container\">\n\t\t\t\t\t<div class=\"e-con-inner\">\n\t\t\t\t<div class=\"elementor-element elementor-element-39f6f87 elementor-widget elementor-widget-text-editor\" data-id=\"39f6f87\" data-element_type=\"widget\" data-e-type=\"widget\" data-widget_type=\"text-editor.default\">\n\t\t\t\t<div class=\"elementor-widget-container\">\n\t\t\t\t\t\t\t\t\t<p><span style=\"text-decoration: underline;\">Lernen und Grundlagen<\/span>:<\/p><p>Ein Reitsimulator hilft Dir als\u00a0 Einsteiger, die Grundlagen des Reitens zu erlernen. Ge\u00fcbt werden Gleichgewicht, Haltung und die grundlegenden Bewegungen, ganz ohne Risiken.<\/p><p><span style=\"text-decoration: underline;\">\u00dcbungsplattform<\/span>:<\/p><p>Als fortgeschrittener Reiter nutzt Du den Reitsimulator, um Deine F\u00e4higkeiten zu perfektionieren.<\/p><p>Du \u00fcbst spezifische Techniken, arbeitest an Deiner Balance und Koordination und Abstimmung der Hilfengebung.<\/p><p><span style=\"text-decoration: underline;\">Sicherheit<\/span>:<\/p><p>\u00a0Der Reitsimulator bietet Dir eine sichere Umgebung, in der Du die Grundlagen erlernen, bevor Du Dich auf ein lebendiges Tier wagst.<\/p><p><span style=\"text-decoration: underline;\">Feedback und Korrektur<\/span>:<\/p><p>Du erh\u00e4ltst Feedback \u00fcber Deinen Sitz und Deine Einwirkung.<\/p><p>Angew\u00f6hnte Bewegungsmuster werden visuell deutlich und Du kannst sie korrigieren.<\/p>\t\t\t\t\t\t\t\t<\/div>\n\t\t\t\t<\/div>\n\t\t\t\t<div class=\"elementor-element elementor-element-fe03f65 elementor-widget elementor-widget-text-editor\" data-id=\"fe03f65\" data-element_type=\"widget\" data-e-type=\"widget\" data-widget_type=\"text-editor.default\">\n\t\t\t\t<div class=\"elementor-widget-container\">\n\t\t\t\t\t\t\t\t\t<p><span style=\"text-decoration: underline;\">Kondition und Fitness<\/span>:<\/p><p>Mit dem Reitsimulator kann Du Deine Fitness und Ausdauer verbessen, ohne ein Pferd tats\u00e4chlich reiten zu m\u00fcssen.<\/p><p>Dadurch sind l\u00e4ngere oder intensivere Reitaktivit\u00e4ten m\u00f6glich.<\/p><p><span style=\"text-decoration: underline;\">Vertrauen!<\/span>:<\/p><p><span style=\"color: var( --e-global-color-text ); font-family: var( --e-global-typography-text-font-family ), Sans-serif; font-size: var( --e-global-typography-text-font-size ); font-weight: var( --e-global-typography-text-font-weight ); text-align: var(--text-align);\">Du m\u00f6chtest \u00c4ngste \u00fcberwinden und wieder Selbstvertrauen in die eigene Bewegung aufzubauen?\u00a0<\/span><\/p><p>Dann ist der Reitsimulator genau das Richtige, denn er hat eine gleichf\u00f6rmige Bewegung, die planbar ist und Du so die Bewegungsmuster erkennen kannst.<\/p><p><span style=\"text-decoration: underline;\">Erg\u00e4nzung zum praktischen Training<\/span>:<\/p><p>Der Reitsimulator erg\u00e4nzt Dein reales Reittraining mit zus\u00e4tzlichen \u00dcbungsm\u00f6glichkeiten und f\u00f6rdert Dein F\u00e4higkeiten auf vielf\u00e4ltige Weise.<\/p><p><span style=\"text-decoration: underline; color: #ff0000;\"><strong>Unsere Besonderheit<\/strong><\/span><\/p><p><span style=\"color: #c36;\">Kombinierte Angebote Reitsimulator und Reiten mit dem Pferd m\u00f6glich!\u00a0<\/span><\/p>\t\t\t\t\t\t\t\t<\/div>\n\t\t\t\t<\/div>\n\t\t\t\t\t<\/div>\n\t\t\t\t<\/div>\n\t\t\t\t<div class=\"elementor-element elementor-element-d9ce808 elementor-widget elementor-widget-text-editor\" data-id=\"d9ce808\" data-element_type=\"widget\" data-e-type=\"widget\" data-widget_type=\"text-editor.default\">\n\t\t\t\t<div class=\"elementor-widget-container\">\n\t\t\t\t\t\t\t\t\t<h2>Warum der Reitsimulator an einem Reitbetrieb?<\/h2><p>Die Verbindung zwischen dem Reitsimulator und dem Reiten auf einem echten Pferd ist eine interessante M\u00f6glichkeit, das Reiten zu erlernen, zu \u00fcben und zu verbessern.<\/p>\t\t\t\t\t\t\t\t<\/div>\n\t\t\t\t<\/div>\n\t\t\t\t<div class=\"elementor-element elementor-element-c363566 elementor-widget elementor-widget-text-editor\" data-id=\"c363566\" data-element_type=\"widget\" data-e-type=\"widget\" data-widget_type=\"text-editor.default\">\n\t\t\t\t<div class=\"elementor-widget-container\">\n\t\t\t\t\t\t\t\t\t<p>Der Reitsimulator kann und soll das Reiten auf einem echten Pferd nicht vollst\u00e4ndig ersetzen. Er ist eine Erg\u00e4nzung und \u00dcbungsmethode, die ihre eigenen Vorteile hat.<\/p><p>Die Erfahrung des Reitens im Gel\u00e4nde oder in der Reitbahn, die Kommunikation mit einem lebenden Wesen, die W\u00e4rme und das F\u00fchlen des K\u00f6rpers oder die Anpassung an die individuellen Bewegungen eines echten Pferdes sind unverzichtbare und nicht nachahmbare Aspekte des Reitens.<\/p>\t\t\t\t\t\t\t\t<\/div>\n\t\t\t\t<\/div>\n\t\t\t\t\t<\/div>\n\t\t\t\t<\/div>\n\t\t\t\t<\/div>\n\t\t","protected":false},"excerpt":{"rendered":"<p>Lernen und Grundlagen: Ein Reitsimulator hilft Dir als\u00a0 Einsteiger, die Grundlagen des Reitens zu erlernen. Ge\u00fcbt werden Gleichgewicht, Haltung und die grundlegenden Bewegungen, ganz ohne Risiken. \u00dcbungsplattform: Als fortgeschrittener Reiter nutzt Du den Reitsimulator, um Deine F\u00e4higkeiten zu perfektionieren. Du \u00fcbst spezifische Techniken, arbeitest an Deiner Balance und Koordination und Abstimmung der Hilfengebung. Sicherheit: \u00a0Der [&hellip;]<\/p>\n","protected":false},"author":1,"featured_media":0,"parent":0,"menu_order":0,"comment_status":"closed","ping_status":"closed","template":"","meta":{"footnotes":""},"class_list":["post-471","page","type-page","status-publish","hentry"],"yoast_head":"<!-- This site is optimized with the Yoast SEO plugin v27.3 - https:\/\/yoast.com\/product\/yoast-seo-wordpress\/ -->\n<title>Reitsimulator im Reitbetrieb - Reitsimulator Niederrhein<\/title>\n<meta name=\"description\" content=\"Reitsimulator im Reitbetrieb Reitsimulator Niederrhein Reitsimulator Niederrhein Reitsimulator Niederrhein Coach4Ride\" \/>\n<meta name=\"robots\" content=\"index, follow, max-snippet:-1, max-image-preview:large, max-video-preview:-1\" \/>\n<link rel=\"canonical\" href=\"https:\/\/reitsimulator-rhein-ruhr.de\/index.php\/elementor-471\/\" \/>\n<meta property=\"og:locale\" content=\"de_DE\" \/>\n<meta property=\"og:type\" content=\"article\" \/>\n<meta property=\"og:title\" content=\"Reitsimulator im Reitbetrieb - Reitsimulator Niederrhein\" \/>\n<meta property=\"og:description\" content=\"Reitsimulator im Reitbetrieb Reitsimulator Niederrhein Reitsimulator Niederrhein Reitsimulator Niederrhein Coach4Ride\" \/>\n<meta property=\"og:url\" content=\"https:\/\/reitsimulator-rhein-ruhr.de\/index.php\/elementor-471\/\" \/>\n<meta property=\"og:site_name\" content=\"Reitsimulator Niederrhein\" \/>\n<meta property=\"article:publisher\" content=\"https:\/\/www.facebook.com\/people\/Reitsimulator-Niederrheinde\/100095526519688\/\" \/>\n<meta property=\"article:modified_time\" content=\"2025-08-15T07:16:06+00:00\" \/>\n<meta name=\"twitter:card\" content=\"summary_large_image\" \/>\n<meta name=\"twitter:label1\" content=\"Gesch\u00e4tzte Lesezeit\" \/>\n\t<meta name=\"twitter:data1\" content=\"2\u00a0Minuten\" \/>\n<script type=\"application\/ld+json\" class=\"yoast-schema-graph\">{\"@context\":\"https:\\\/\\\/schema.org\",\"@graph\":[{\"@type\":\"WebPage\",\"@id\":\"https:\\\/\\\/reitsimulator-rhein-ruhr.de\\\/index.php\\\/elementor-471\\\/\",\"url\":\"https:\\\/\\\/reitsimulator-rhein-ruhr.de\\\/index.php\\\/elementor-471\\\/\",\"name\":\"Reitsimulator im Reitbetrieb - Reitsimulator Niederrhein\",\"isPartOf\":{\"@id\":\"https:\\\/\\\/reitsimulator-rhein-ruhr.de\\\/#website\"},\"datePublished\":\"2023-08-11T13:47:45+00:00\",\"dateModified\":\"2025-08-15T07:16:06+00:00\",\"description\":\"Reitsimulator im Reitbetrieb Reitsimulator Niederrhein Reitsimulator Niederrhein Reitsimulator Niederrhein Coach4Ride\",\"breadcrumb\":{\"@id\":\"https:\\\/\\\/reitsimulator-rhein-ruhr.de\\\/index.php\\\/elementor-471\\\/#breadcrumb\"},\"inLanguage\":\"de\",\"potentialAction\":[{\"@type\":\"ReadAction\",\"target\":[\"https:\\\/\\\/reitsimulator-rhein-ruhr.de\\\/index.php\\\/elementor-471\\\/\"]}]},{\"@type\":\"BreadcrumbList\",\"@id\":\"https:\\\/\\\/reitsimulator-rhein-ruhr.de\\\/index.php\\\/elementor-471\\\/#breadcrumb\",\"itemListElement\":[{\"@type\":\"ListItem\",\"position\":1,\"name\":\"Startseite\",\"item\":\"https:\\\/\\\/reitsimulator-rhein-ruhr.de\\\/\"},{\"@type\":\"ListItem\",\"position\":2,\"name\":\"Reitsimulator im Reitbetrieb\"}]},{\"@type\":\"WebSite\",\"@id\":\"https:\\\/\\\/reitsimulator-rhein-ruhr.de\\\/#website\",\"url\":\"https:\\\/\\\/reitsimulator-rhein-ruhr.de\\\/\",\"name\":\"Reitsimulator Niederrhein\",\"description\":\"Get ready for passion\",\"publisher\":{\"@id\":\"https:\\\/\\\/reitsimulator-rhein-ruhr.de\\\/#organization\"},\"alternateName\":\"Heike Grube am Dongrathshof Hans-J\u00fcrgen Schmitz\",\"potentialAction\":[{\"@type\":\"SearchAction\",\"target\":{\"@type\":\"EntryPoint\",\"urlTemplate\":\"https:\\\/\\\/reitsimulator-rhein-ruhr.de\\\/?s={search_term_string}\"},\"query-input\":{\"@type\":\"PropertyValueSpecification\",\"valueRequired\":true,\"valueName\":\"search_term_string\"}}],\"inLanguage\":\"de\"},{\"@type\":\"Organization\",\"@id\":\"https:\\\/\\\/reitsimulator-rhein-ruhr.de\\\/#organization\",\"name\":\"Reitsimulator Niederrhein\",\"alternateName\":\"Coach4Ride\",\"url\":\"https:\\\/\\\/reitsimulator-rhein-ruhr.de\\\/\",\"logo\":{\"@type\":\"ImageObject\",\"inLanguage\":\"de\",\"@id\":\"https:\\\/\\\/reitsimulator-rhein-ruhr.de\\\/#\\\/schema\\\/logo\\\/image\\\/\",\"url\":\"https:\\\/\\\/reitsimulator-rhein-ruhr.de\\\/wp-content\\\/uploads\\\/2023\\\/08\\\/89484ade16ecf0abcb4359c5123c5c47.webp\",\"contentUrl\":\"https:\\\/\\\/reitsimulator-rhein-ruhr.de\\\/wp-content\\\/uploads\\\/2023\\\/08\\\/89484ade16ecf0abcb4359c5123c5c47.webp\",\"width\":345,\"height\":380,\"caption\":\"Reitsimulator Niederrhein\"},\"image\":{\"@id\":\"https:\\\/\\\/reitsimulator-rhein-ruhr.de\\\/#\\\/schema\\\/logo\\\/image\\\/\"},\"sameAs\":[\"https:\\\/\\\/www.facebook.com\\\/people\\\/Reitsimulator-Niederrheinde\\\/100095526519688\\\/\",\"https:\\\/\\\/www.instagram.com\\\/heikegrube_coach4ride\\\/\",\"https:\\\/\\\/www.youtube.com\\\/@coach4ride\"]}]}<\/script>\n<!-- \/ Yoast SEO plugin. -->","yoast_head_json":{"title":"Reitsimulator im Reitbetrieb - Reitsimulator Niederrhein","description":"Reitsimulator im Reitbetrieb Reitsimulator Niederrhein Reitsimulator Niederrhein Reitsimulator Niederrhein Coach4Ride","robots":{"index":"index","follow":"follow","max-snippet":"max-snippet:-1","max-image-preview":"max-image-preview:large","max-video-preview":"max-video-preview:-1"},"canonical":"https:\/\/reitsimulator-rhein-ruhr.de\/index.php\/elementor-471\/","og_locale":"de_DE","og_type":"article","og_title":"Reitsimulator im Reitbetrieb - Reitsimulator Niederrhein","og_description":"Reitsimulator im Reitbetrieb Reitsimulator Niederrhein Reitsimulator Niederrhein Reitsimulator Niederrhein Coach4Ride","og_url":"https:\/\/reitsimulator-rhein-ruhr.de\/index.php\/elementor-471\/","og_site_name":"Reitsimulator Niederrhein","article_publisher":"https:\/\/www.facebook.com\/people\/Reitsimulator-Niederrheinde\/100095526519688\/","article_modified_time":"2025-08-15T07:16:06+00:00","twitter_card":"summary_large_image","twitter_misc":{"Gesch\u00e4tzte Lesezeit":"2\u00a0Minuten"},"schema":{"@context":"https:\/\/schema.org","@graph":[{"@type":"WebPage","@id":"https:\/\/reitsimulator-rhein-ruhr.de\/index.php\/elementor-471\/","url":"https:\/\/reitsimulator-rhein-ruhr.de\/index.php\/elementor-471\/","name":"Reitsimulator im Reitbetrieb - Reitsimulator Niederrhein","isPartOf":{"@id":"https:\/\/reitsimulator-rhein-ruhr.de\/#website"},"datePublished":"2023-08-11T13:47:45+00:00","dateModified":"2025-08-15T07:16:06+00:00","description":"Reitsimulator im Reitbetrieb Reitsimulator Niederrhein Reitsimulator Niederrhein Reitsimulator Niederrhein Coach4Ride","breadcrumb":{"@id":"https:\/\/reitsimulator-rhein-ruhr.de\/index.php\/elementor-471\/#breadcrumb"},"inLanguage":"de","potentialAction":[{"@type":"ReadAction","target":["https:\/\/reitsimulator-rhein-ruhr.de\/index.php\/elementor-471\/"]}]},{"@type":"BreadcrumbList","@id":"https:\/\/reitsimulator-rhein-ruhr.de\/index.php\/elementor-471\/#breadcrumb","itemListElement":[{"@type":"ListItem","position":1,"name":"Startseite","item":"https:\/\/reitsimulator-rhein-ruhr.de\/"},{"@type":"ListItem","position":2,"name":"Reitsimulator im Reitbetrieb"}]},{"@type":"WebSite","@id":"https:\/\/reitsimulator-rhein-ruhr.de\/#website","url":"https:\/\/reitsimulator-rhein-ruhr.de\/","name":"Reitsimulator Niederrhein","description":"Get ready for passion","publisher":{"@id":"https:\/\/reitsimulator-rhein-ruhr.de\/#organization"},"alternateName":"Heike Grube am Dongrathshof Hans-J\u00fcrgen Schmitz","potentialAction":[{"@type":"SearchAction","target":{"@type":"EntryPoint","urlTemplate":"https:\/\/reitsimulator-rhein-ruhr.de\/?s={search_term_string}"},"query-input":{"@type":"PropertyValueSpecification","valueRequired":true,"valueName":"search_term_string"}}],"inLanguage":"de"},{"@type":"Organization","@id":"https:\/\/reitsimulator-rhein-ruhr.de\/#organization","name":"Reitsimulator Niederrhein","alternateName":"Coach4Ride","url":"https:\/\/reitsimulator-rhein-ruhr.de\/","logo":{"@type":"ImageObject","inLanguage":"de","@id":"https:\/\/reitsimulator-rhein-ruhr.de\/#\/schema\/logo\/image\/","url":"https:\/\/reitsimulator-rhein-ruhr.de\/wp-content\/uploads\/2023\/08\/89484ade16ecf0abcb4359c5123c5c47.webp","contentUrl":"https:\/\/reitsimulator-rhein-ruhr.de\/wp-content\/uploads\/2023\/08\/89484ade16ecf0abcb4359c5123c5c47.webp","width":345,"height":380,"caption":"Reitsimulator Niederrhein"},"image":{"@id":"https:\/\/reitsimulator-rhein-ruhr.de\/#\/schema\/logo\/image\/"},"sameAs":["https:\/\/www.facebook.com\/people\/Reitsimulator-Niederrheinde\/100095526519688\/","https:\/\/www.instagram.com\/heikegrube_coach4ride\/","https:\/\/www.youtube.com\/@coach4ride"]}]}},"jetpack_sharing_enabled":true,"_links":{"self":[{"href":"https:\/\/reitsimulator-rhein-ruhr.de\/index.php\/wp-json\/wp\/v2\/pages\/471","targetHints":{"allow":["GET"]}}],"collection":[{"href":"https:\/\/reitsimulator-rhein-ruhr.de\/index.php\/wp-json\/wp\/v2\/pages"}],"about":[{"href":"https:\/\/reitsimulator-rhein-ruhr.de\/index.php\/wp-json\/wp\/v2\/types\/page"}],"author":[{"embeddable":true,"href":"https:\/\/reitsimulator-rhein-ruhr.de\/index.php\/wp-json\/wp\/v2\/users\/1"}],"replies":[{"embeddable":true,"href":"https:\/\/reitsimulator-rhein-ruhr.de\/index.php\/wp-json\/wp\/v2\/comments?post=471"}],"version-history":[{"count":86,"href":"https:\/\/reitsimulator-rhein-ruhr.de\/index.php\/wp-json\/wp\/v2\/pages\/471\/revisions"}],"predecessor-version":[{"id":1121,"href":"https:\/\/reitsimulator-rhein-ruhr.de\/index.php\/wp-json\/wp\/v2\/pages\/471\/revisions\/1121"}],"wp:attachment":[{"href":"https:\/\/reitsimulator-rhein-ruhr.de\/index.php\/wp-json\/wp\/v2\/media?parent=471"}],"curies":[{"name":"wp","href":"https:\/\/api.w.org\/{rel}","templated":true}]}}