{"id":330,"date":"2023-08-09T09:38:57","date_gmt":"2023-08-09T09:38:57","guid":{"rendered":"https:\/\/preview.reitsimulator-niederrhein.de\/?page_id=330"},"modified":"2025-01-29T08:15:40","modified_gmt":"2025-01-29T08:15:40","slug":"elementor-330","status":"publish","type":"page","link":"https:\/\/reitsimulator-rhein-ruhr.de\/index.php\/elementor-330\/","title":{"rendered":"\u00dcber mich"},"content":{"rendered":"\t\t<div data-elementor-type=\"wp-page\" data-elementor-id=\"330\" class=\"elementor elementor-330\" data-elementor-post-type=\"page\">\n\t\t\t\t<div class=\"elementor-element elementor-element-5768452 e-flex e-con-boxed e-con e-parent\" data-id=\"5768452\" data-element_type=\"container\" data-e-type=\"container\">\n\t\t\t\t\t<div class=\"e-con-inner\">\n\t\t\t\t<div class=\"elementor-element elementor-element-903b049 elementor-widget elementor-widget-heading\" data-id=\"903b049\" data-element_type=\"widget\" data-e-type=\"widget\" data-widget_type=\"heading.default\">\n\t\t\t\t<div class=\"elementor-widget-container\">\n\t\t\t\t\t<h2 class=\"elementor-heading-title elementor-size-default\">\u00dcber mich...<\/h2>\t\t\t\t<\/div>\n\t\t\t\t<\/div>\n\t\t\t\t<div class=\"elementor-element elementor-element-57a0533 elementor-widget elementor-widget-text-editor\" data-id=\"57a0533\" data-element_type=\"widget\" data-e-type=\"widget\" data-widget_type=\"text-editor.default\">\n\t\t\t\t<div class=\"elementor-widget-container\">\n\t\t\t\t\t\t\t\t\t<p><span style=\"text-decoration: underline;\"><strong>Warum Reiten unterrichten?<\/strong><\/span><\/p><p>Nachdem ich mit dem Reiten begonnen habe, ist mir schnell klar geworden, dass Reiten mehr ist als nur &#8222;auf einem Pferd zu sitzen und irgendwo hin zu lenken&#8220;.<\/p><p>Ich hatte das Gl\u00fcck von einen hervorragenden Reitlehrer begleitet zu werden, der mir sein Wissen zuteil kommen lie\u00df. Und mehrere Aufenthalte in Andalusien und Portugal haben mein Bild des Reitens \u00fcber den Zugang zu anderen Reitweisen komplettiert.<\/p><p>Bekannte Pers\u00f6nlichkeiten s\u00e4umten in natura meinen Weg, darunter Christoph Hess (Ausbildungsbotschafter FN), Ingrid Klimke, oder einige bekannte Reiter der Spanischen Hofreitschule Wien.\u00a0<\/p><p>Sie alle haben dazu beigetragen, die Maxime eines guten Reitlehrers zu leben: n\u00e4mlich harmonisches Reiten, und das Kulturgut Reiten zu erhalten.<\/p><p><span style=\"text-decoration: underline;\"><strong>Wer bin ich?<\/strong><\/span><\/p><p>Sport und Bewegung hat mich mein ganzes Leben begleitet. Bereits in jungen Jahren habe ich in Sportschulen Gruppen trainiert,\u00a0<\/p><p>bin im Fitness- und Gesundheitstraining Sportliche Leiterin gewesen,<\/p><p>bin Trainerin f\u00fcr Sportrehabiliation,\u00a0<\/p><p>habe in einer Praxis f\u00fcr Physiotherapie f\u00fcr den nachgehenden Wiedereingliederungsprozess gearbeitet,<\/p><p>bin im Reitsport C-Lizensiert<\/p><p>und arbeite seit vielen vielen Jahren im Sport- und Mentaltraining<\/p><p>und im Reitsport<\/p><p>und bin derzeit in einer Weiterbildung zur Pferdeverhaltenstrainerin.<\/p><p><span style=\"text-decoration: underline;\"><strong style=\"color: var( --e-global-color-text ); font-family: var( --e-global-typography-text-font-family ), Sans-serif; font-size: var( --e-global-typography-text-font-size ); text-align: var(--text-align); text-decoration: underline;\">Was w\u00fcnsche ich mir?<\/strong><\/span><\/p><p>Ich m\u00f6chte Reiter mit meinem KnowHow auf ihrem Weg zum guten, pferdegerechten Reiten begleiten.<\/p>\t\t\t\t\t\t\t\t<\/div>\n\t\t\t\t<\/div>\n\t\t\t\t\t<\/div>\n\t\t\t\t<\/div>\n\t\t\t\t<\/div>\n\t\t","protected":false},"excerpt":{"rendered":"<p>\u00dcber mich&#8230; Warum Reiten unterrichten? Nachdem ich mit dem Reiten begonnen habe, ist mir schnell klar geworden, dass Reiten mehr ist als nur &#8222;auf einem Pferd zu sitzen und irgendwo hin zu lenken&#8220;. Ich hatte das Gl\u00fcck von einen hervorragenden Reitlehrer begleitet zu werden, der mir sein Wissen zuteil kommen lie\u00df. Und mehrere Aufenthalte in [&hellip;]<\/p>\n","protected":false},"author":2,"featured_media":0,"parent":0,"menu_order":0,"comment_status":"closed","ping_status":"closed","template":"","meta":{"footnotes":""},"class_list":["post-330","page","type-page","status-publish","hentry"],"yoast_head":"<!-- This site is optimized with the Yoast SEO plugin v27.3 - https:\/\/yoast.com\/product\/yoast-seo-wordpress\/ -->\n<title>\u00dcber mich - Reitsimulator Niederrhein<\/title>\n<meta name=\"description\" content=\"\u00dcber mich Reitsimulator Niederrhein Reitsimulator Niederrhein Reitsimulator Niederrhein Coach4Ride\" \/>\n<meta name=\"robots\" content=\"index, follow, max-snippet:-1, max-image-preview:large, max-video-preview:-1\" \/>\n<link rel=\"canonical\" href=\"https:\/\/reitsimulator-rhein-ruhr.de\/index.php\/elementor-330\/\" \/>\n<meta property=\"og:locale\" content=\"de_DE\" \/>\n<meta property=\"og:type\" content=\"article\" \/>\n<meta property=\"og:title\" content=\"\u00dcber mich - Reitsimulator Niederrhein\" \/>\n<meta property=\"og:description\" content=\"\u00dcber mich Reitsimulator Niederrhein Reitsimulator Niederrhein Reitsimulator Niederrhein Coach4Ride\" \/>\n<meta property=\"og:url\" content=\"https:\/\/reitsimulator-rhein-ruhr.de\/index.php\/elementor-330\/\" \/>\n<meta property=\"og:site_name\" content=\"Reitsimulator Niederrhein\" \/>\n<meta property=\"article:publisher\" content=\"https:\/\/www.facebook.com\/people\/Reitsimulator-Niederrheinde\/100095526519688\/\" \/>\n<meta property=\"article:modified_time\" content=\"2025-01-29T08:15:40+00:00\" \/>\n<meta name=\"twitter:card\" content=\"summary_large_image\" \/>\n<meta name=\"twitter:label1\" content=\"Gesch\u00e4tzte Lesezeit\" \/>\n\t<meta name=\"twitter:data1\" content=\"2\u00a0Minuten\" \/>\n<script type=\"application\/ld+json\" class=\"yoast-schema-graph\">{\"@context\":\"https:\\\/\\\/schema.org\",\"@graph\":[{\"@type\":\"WebPage\",\"@id\":\"https:\\\/\\\/reitsimulator-rhein-ruhr.de\\\/index.php\\\/elementor-330\\\/\",\"url\":\"https:\\\/\\\/reitsimulator-rhein-ruhr.de\\\/index.php\\\/elementor-330\\\/\",\"name\":\"\u00dcber mich - Reitsimulator Niederrhein\",\"isPartOf\":{\"@id\":\"https:\\\/\\\/reitsimulator-rhein-ruhr.de\\\/#website\"},\"datePublished\":\"2023-08-09T09:38:57+00:00\",\"dateModified\":\"2025-01-29T08:15:40+00:00\",\"description\":\"\u00dcber mich Reitsimulator Niederrhein Reitsimulator Niederrhein Reitsimulator Niederrhein Coach4Ride\",\"breadcrumb\":{\"@id\":\"https:\\\/\\\/reitsimulator-rhein-ruhr.de\\\/index.php\\\/elementor-330\\\/#breadcrumb\"},\"inLanguage\":\"de\",\"potentialAction\":[{\"@type\":\"ReadAction\",\"target\":[\"https:\\\/\\\/reitsimulator-rhein-ruhr.de\\\/index.php\\\/elementor-330\\\/\"]}]},{\"@type\":\"BreadcrumbList\",\"@id\":\"https:\\\/\\\/reitsimulator-rhein-ruhr.de\\\/index.php\\\/elementor-330\\\/#breadcrumb\",\"itemListElement\":[{\"@type\":\"ListItem\",\"position\":1,\"name\":\"Startseite\",\"item\":\"https:\\\/\\\/reitsimulator-rhein-ruhr.de\\\/\"},{\"@type\":\"ListItem\",\"position\":2,\"name\":\"\u00dcber mich\"}]},{\"@type\":\"WebSite\",\"@id\":\"https:\\\/\\\/reitsimulator-rhein-ruhr.de\\\/#website\",\"url\":\"https:\\\/\\\/reitsimulator-rhein-ruhr.de\\\/\",\"name\":\"Reitsimulator Niederrhein\",\"description\":\"Get ready for passion\",\"publisher\":{\"@id\":\"https:\\\/\\\/reitsimulator-rhein-ruhr.de\\\/#organization\"},\"alternateName\":\"Heike Grube am Dongrathshof Hans-J\u00fcrgen Schmitz\",\"potentialAction\":[{\"@type\":\"SearchAction\",\"target\":{\"@type\":\"EntryPoint\",\"urlTemplate\":\"https:\\\/\\\/reitsimulator-rhein-ruhr.de\\\/?s={search_term_string}\"},\"query-input\":{\"@type\":\"PropertyValueSpecification\",\"valueRequired\":true,\"valueName\":\"search_term_string\"}}],\"inLanguage\":\"de\"},{\"@type\":\"Organization\",\"@id\":\"https:\\\/\\\/reitsimulator-rhein-ruhr.de\\\/#organization\",\"name\":\"Reitsimulator Niederrhein\",\"alternateName\":\"Coach4Ride\",\"url\":\"https:\\\/\\\/reitsimulator-rhein-ruhr.de\\\/\",\"logo\":{\"@type\":\"ImageObject\",\"inLanguage\":\"de\",\"@id\":\"https:\\\/\\\/reitsimulator-rhein-ruhr.de\\\/#\\\/schema\\\/logo\\\/image\\\/\",\"url\":\"https:\\\/\\\/reitsimulator-rhein-ruhr.de\\\/wp-content\\\/uploads\\\/2023\\\/08\\\/89484ade16ecf0abcb4359c5123c5c47.webp\",\"contentUrl\":\"https:\\\/\\\/reitsimulator-rhein-ruhr.de\\\/wp-content\\\/uploads\\\/2023\\\/08\\\/89484ade16ecf0abcb4359c5123c5c47.webp\",\"width\":345,\"height\":380,\"caption\":\"Reitsimulator Niederrhein\"},\"image\":{\"@id\":\"https:\\\/\\\/reitsimulator-rhein-ruhr.de\\\/#\\\/schema\\\/logo\\\/image\\\/\"},\"sameAs\":[\"https:\\\/\\\/www.facebook.com\\\/people\\\/Reitsimulator-Niederrheinde\\\/100095526519688\\\/\",\"https:\\\/\\\/www.instagram.com\\\/heikegrube_coach4ride\\\/\",\"https:\\\/\\\/www.youtube.com\\\/@coach4ride\"]}]}<\/script>\n<!-- \/ Yoast SEO plugin. -->","yoast_head_json":{"title":"\u00dcber mich - Reitsimulator Niederrhein","description":"\u00dcber mich Reitsimulator Niederrhein Reitsimulator Niederrhein Reitsimulator Niederrhein Coach4Ride","robots":{"index":"index","follow":"follow","max-snippet":"max-snippet:-1","max-image-preview":"max-image-preview:large","max-video-preview":"max-video-preview:-1"},"canonical":"https:\/\/reitsimulator-rhein-ruhr.de\/index.php\/elementor-330\/","og_locale":"de_DE","og_type":"article","og_title":"\u00dcber mich - Reitsimulator Niederrhein","og_description":"\u00dcber mich Reitsimulator Niederrhein Reitsimulator Niederrhein Reitsimulator Niederrhein Coach4Ride","og_url":"https:\/\/reitsimulator-rhein-ruhr.de\/index.php\/elementor-330\/","og_site_name":"Reitsimulator Niederrhein","article_publisher":"https:\/\/www.facebook.com\/people\/Reitsimulator-Niederrheinde\/100095526519688\/","article_modified_time":"2025-01-29T08:15:40+00:00","twitter_card":"summary_large_image","twitter_misc":{"Gesch\u00e4tzte Lesezeit":"2\u00a0Minuten"},"schema":{"@context":"https:\/\/schema.org","@graph":[{"@type":"WebPage","@id":"https:\/\/reitsimulator-rhein-ruhr.de\/index.php\/elementor-330\/","url":"https:\/\/reitsimulator-rhein-ruhr.de\/index.php\/elementor-330\/","name":"\u00dcber mich - Reitsimulator Niederrhein","isPartOf":{"@id":"https:\/\/reitsimulator-rhein-ruhr.de\/#website"},"datePublished":"2023-08-09T09:38:57+00:00","dateModified":"2025-01-29T08:15:40+00:00","description":"\u00dcber mich Reitsimulator Niederrhein Reitsimulator Niederrhein Reitsimulator Niederrhein Coach4Ride","breadcrumb":{"@id":"https:\/\/reitsimulator-rhein-ruhr.de\/index.php\/elementor-330\/#breadcrumb"},"inLanguage":"de","potentialAction":[{"@type":"ReadAction","target":["https:\/\/reitsimulator-rhein-ruhr.de\/index.php\/elementor-330\/"]}]},{"@type":"BreadcrumbList","@id":"https:\/\/reitsimulator-rhein-ruhr.de\/index.php\/elementor-330\/#breadcrumb","itemListElement":[{"@type":"ListItem","position":1,"name":"Startseite","item":"https:\/\/reitsimulator-rhein-ruhr.de\/"},{"@type":"ListItem","position":2,"name":"\u00dcber mich"}]},{"@type":"WebSite","@id":"https:\/\/reitsimulator-rhein-ruhr.de\/#website","url":"https:\/\/reitsimulator-rhein-ruhr.de\/","name":"Reitsimulator Niederrhein","description":"Get ready for passion","publisher":{"@id":"https:\/\/reitsimulator-rhein-ruhr.de\/#organization"},"alternateName":"Heike Grube am Dongrathshof Hans-J\u00fcrgen Schmitz","potentialAction":[{"@type":"SearchAction","target":{"@type":"EntryPoint","urlTemplate":"https:\/\/reitsimulator-rhein-ruhr.de\/?s={search_term_string}"},"query-input":{"@type":"PropertyValueSpecification","valueRequired":true,"valueName":"search_term_string"}}],"inLanguage":"de"},{"@type":"Organization","@id":"https:\/\/reitsimulator-rhein-ruhr.de\/#organization","name":"Reitsimulator Niederrhein","alternateName":"Coach4Ride","url":"https:\/\/reitsimulator-rhein-ruhr.de\/","logo":{"@type":"ImageObject","inLanguage":"de","@id":"https:\/\/reitsimulator-rhein-ruhr.de\/#\/schema\/logo\/image\/","url":"https:\/\/reitsimulator-rhein-ruhr.de\/wp-content\/uploads\/2023\/08\/89484ade16ecf0abcb4359c5123c5c47.webp","contentUrl":"https:\/\/reitsimulator-rhein-ruhr.de\/wp-content\/uploads\/2023\/08\/89484ade16ecf0abcb4359c5123c5c47.webp","width":345,"height":380,"caption":"Reitsimulator Niederrhein"},"image":{"@id":"https:\/\/reitsimulator-rhein-ruhr.de\/#\/schema\/logo\/image\/"},"sameAs":["https:\/\/www.facebook.com\/people\/Reitsimulator-Niederrheinde\/100095526519688\/","https:\/\/www.instagram.com\/heikegrube_coach4ride\/","https:\/\/www.youtube.com\/@coach4ride"]}]}},"jetpack_sharing_enabled":true,"_links":{"self":[{"href":"https:\/\/reitsimulator-rhein-ruhr.de\/index.php\/wp-json\/wp\/v2\/pages\/330","targetHints":{"allow":["GET"]}}],"collection":[{"href":"https:\/\/reitsimulator-rhein-ruhr.de\/index.php\/wp-json\/wp\/v2\/pages"}],"about":[{"href":"https:\/\/reitsimulator-rhein-ruhr.de\/index.php\/wp-json\/wp\/v2\/types\/page"}],"author":[{"embeddable":true,"href":"https:\/\/reitsimulator-rhein-ruhr.de\/index.php\/wp-json\/wp\/v2\/users\/2"}],"replies":[{"embeddable":true,"href":"https:\/\/reitsimulator-rhein-ruhr.de\/index.php\/wp-json\/wp\/v2\/comments?post=330"}],"version-history":[{"count":58,"href":"https:\/\/reitsimulator-rhein-ruhr.de\/index.php\/wp-json\/wp\/v2\/pages\/330\/revisions"}],"predecessor-version":[{"id":1017,"href":"https:\/\/reitsimulator-rhein-ruhr.de\/index.php\/wp-json\/wp\/v2\/pages\/330\/revisions\/1017"}],"wp:attachment":[{"href":"https:\/\/reitsimulator-rhein-ruhr.de\/index.php\/wp-json\/wp\/v2\/media?parent=330"}],"curies":[{"name":"wp","href":"https:\/\/api.w.org\/{rel}","templated":true}]}}