{"id":3,"date":"2023-08-05T17:53:53","date_gmt":"2023-08-05T17:53:53","guid":{"rendered":"https:\/\/preview.reitsimulator-niederrhein.de\/?page_id=3"},"modified":"2023-08-05T20:12:26","modified_gmt":"2023-08-05T20:12:26","slug":"privacy-policy","status":"publish","type":"page","link":"https:\/\/reitsimulator-rhein-ruhr.de\/index.php\/privacy-policy\/","title":{"rendered":"Cookie-Richtlinie (EU)"},"content":{"rendered":"\t\t<div data-elementor-type=\"wp-page\" data-elementor-id=\"3\" class=\"elementor elementor-3\" data-elementor-post-type=\"page\">\n\t\t\t\t\t\t<section class=\"elementor-section elementor-top-section elementor-element elementor-element-48c84 elementor-section-boxed elementor-section-height-default elementor-section-height-default\" data-id=\"48c84\" data-element_type=\"section\" data-e-type=\"section\">\n\t\t\t\t\t\t<div class=\"elementor-container elementor-column-gap-default\">\n\t\t\t\t\t<div class=\"elementor-column elementor-col-100 elementor-top-column elementor-element elementor-element-8b3cd79\" data-id=\"8b3cd79\" data-element_type=\"column\" data-e-type=\"column\">\n\t\t\t<div class=\"elementor-widget-wrap elementor-element-populated\">\n\t\t\t\t\t\t<div class=\"elementor-element elementor-element-5ce21688 elementor-widget elementor-widget-text-editor\" data-id=\"5ce21688\" data-element_type=\"widget\" data-e-type=\"widget\" data-widget_type=\"text-editor.default\">\n\t\t\t\t<div class=\"elementor-widget-container\">\n\t\t\t\t\t\t\t\t\t<p><i>Diese Cookie-Richtlinie wurde zuletzt am 27. Februar 2023 aktualisiert und gilt f\u00fcr B\u00fcrger und Einwohner mit st\u00e4ndigem Wohnsitz im Europ\u00e4ischen Wirtschaftsraum und der Schweiz.<\/i><\/p><h2>1. Einf\u00fchrung<\/h2><p>Unsere Website, <a href=\"https:\/\/reitsimulator-rhein-ruhr.de\">https:\/\/reitsimulator-rhein-ruhr.de<\/a> (im folgenden: &#8222;Die Website&#8220;) verwendet Cookies und \u00e4hnliche Technologien (der Einfachheit halber werden all diese unter &#8222;Cookies&#8220; zusammengefasst). Cookies werden au\u00dferdem von uns beauftragten Drittparteien platziert. In dem unten stehendem Dokument informieren wir dich \u00fcber die Verwendung von Cookies auf unserer Website.<\/p><h2>2. Was sind Cookies?<\/h2><p>Ein Cookie ist eine einfache kleine Datei, die gemeinsam mit den Seiten einer Internetadresse versendet und vom Webbrowser auf dem PC oder einem anderen Ger\u00e4t gespeichert werden kann. Die darin gespeicherten Informationen k\u00f6nnen w\u00e4hrend folgender Besuche zu unseren oder den Servern relevanter Drittanbieter gesendet werden.<\/p><h2>3. Was sind Skripte?<\/h2><p>Ein Script ist ein St\u00fcck Programmcode, das benutzt wird, um unserer Website Funktionalit\u00e4t und Interaktivit\u00e4t zu erm\u00f6glichen. Dieser Code wird auf unseren Servern oder auf deinem Ger\u00e4t ausgef\u00fchrt.<\/p><h2>4. Was ist ein Web Beacon?<\/h2><p>Ein Web-Beacon (auch Pixel-Tag genannt), ist ein kleines unsichtbares Textfragment oder Bild auf einer Website, das benutzt wird, um den Verkehr auf der Website zu \u00fcberwachen. Um dies zu erm\u00f6glichen werden diverse Daten von dir mittels Web-Beacons gespeichert.<\/p><h2>5. Cookies<\/h2><p class=\"cmplz-subtitle\">5.1 Technische oder funktionelle Cookies<\/p><p>Einige Cookies stellen sicher, dass Teile unserer Website richtig funktionieren und deine Nutzervorlieben bekannt bleiben. Durch das Platzieren funktionaler Cookies machen wir es dir einfacher unsere Website zu besuchen. Auf diese Weise musst du bei Besuchen unserer Website nicht wiederholt die gleichen Informationen eingeben, oder deine Gegenst\u00e4nde bleiben beispielsweise in deinem Warenkorb bis du bezahlst. Wir k\u00f6nnen diese Cookies ohne dein Einverst\u00e4ndnis platzieren.<\/p><h2>6. Platzierte Cookies<\/h2><div id=\"cmplz-cookies-overview\"><details class=\"cmplz-dropdown cmplz-service-desc cmplz-dropdown-cookiepolicy \"><div><h3>Elementor<\/h3><p>Statistik (anonym)<\/p><p><label class=\"cmplz_consent_per_service_label\" for=\"cmplz_service_elementor\"><span class=\"screen-reader-text\">Consent to service elementor<\/span><\/label><\/p><\/div><\/details><details class=\"cmplz-dropdown cmplz-service-desc cmplz-dropdown-cookiepolicy \"><div><h3>TUS (Resumable File Transfer)<\/h3><p>Funktional<\/p><p><label class=\"cmplz_consent_per_service_label\" for=\"cmplz_service_tus-(resumable-file-transfer)\"><span class=\"screen-reader-text\">Consent to service tus-(resumable-file-transfer)<\/span><\/label><\/p><\/div><\/details><details class=\"cmplz-dropdown cmplz-service-desc cmplz-dropdown-cookiepolicy \"><div><h3>YouTube<\/h3><p>Marketing\/Tracking, Funktional<\/p><p><label class=\"cmplz_consent_per_service_label\" for=\"cmplz_service_youtube\"><span class=\"screen-reader-text\">Consent to service youtube<\/span><\/label><\/p><\/div><\/details><details class=\"cmplz-dropdown cmplz-service-desc cmplz-dropdown-cookiepolicy \"><div><h3>Facebook<\/h3><p>Marketing\/Tracking, Funktional<\/p><p><label class=\"cmplz_consent_per_service_label\" for=\"cmplz_service_facebook\"><span class=\"screen-reader-text\">Consent to service facebook<\/span><\/label><\/p><\/div><\/details><details class=\"cmplz-dropdown cmplz-service-desc cmplz-dropdown-cookiepolicy \"><div><h3>Instagram<\/h3><p>Marketing\/Tracking<\/p><p><label class=\"cmplz_consent_per_service_label\" for=\"cmplz_service_instagram\"><span class=\"screen-reader-text\">Consent to service instagram<\/span><\/label><\/p><\/div><\/details><details class=\"cmplz-dropdown cmplz-service-desc cmplz-dropdown-cookiepolicy \"><div><h3>Sonstiges<\/h3><p>Gegenstand der Untersuchung<\/p><p><label class=\"cmplz_consent_per_service_label\" for=\"cmplz_service_sonstiges\"><span class=\"screen-reader-text\">Consent to service sonstiges<\/span><\/label><\/p><\/div><\/details><\/div><h2>7. Zustimmung<\/h2><p>Wenn du unsere Website das erste Mal besuchst, zeigen wir dir ein Pop-Up mit einer Erkl\u00e4rung \u00fcber Cookies. Sobald du auf \u201eEinstellungen speichern\u201c klickst, gibst du uns dein Einverst\u00e4ndnis, alle von dir gew\u00e4hlten Kategorien von Cookies und Plugins wie in dieser Cookie-Erkl\u00e4rung beschrieben zu verwenden. Du kannst die Verwendung von Cookies \u00fcber deinen Browser deaktivieren, aber bitte beachte, dass unsere Website dann unter Umst\u00e4nden nicht richtig funktioniert.<\/p><p class=\"cmplz-subtitle\">7.1 Verwalte deine Zustimmungseinstellungen<\/p><div id=\"cmplz-manage-consent-container\" class=\"cmplz-manage-consent-container\"><div class=\"cmplz-categories\"><details class=\"cmplz-category cmplz-functional\"><summary><span class=\"cmplz-category-header\"> <span class=\"cmplz-category-title\">Funktional<\/span> <span class=\"cmplz-always-active\"> Immer aktiv <\/span> <\/span><\/summary><\/details><\/div><\/div><div class=\"col-lg-12\"><div id=\"cmplz-document\" class=\"cmplz-document cookie-statement cmplz-document-eu\"><div id=\"cmplz-manage-consent-container\" class=\"cmplz-manage-consent-container\"><div class=\"cmplz-categories\">\u00a0<\/div><\/div><h2>8. Aktivierung\/Deaktivierung und L\u00f6schen von Cookies<\/h2><p>Du kannst deinen Internetbrowser verwenden um automatisch oder manuell Cookies zu l\u00f6schen. Du kannst au\u00dferdem spezifizieren ob spezielle Cookies nicht platziert werden sollen. Eine andere M\u00f6glichkeit ist es deinen Internetbrowser derart einzurichten, dass du jedes Mal benachrichtigt wirst, wenn ein Cookie platziert wird. F\u00fcr weitere Information \u00fcber diese M\u00f6glichkeiten beachte die Anweisungen in der Hilfesektion deines Browsers.<\/p><p>Bitte nimm zur Kentniss, dass unsere Website m\u00f6glicherweise nicht richtig funktioniert wenn alle Cookies deaktiviert sind. Wenn du die Cookies in deinem Browser l\u00f6scht, werden diese neuplatziert wenn du unsere Website erneut besuchst.<\/p><h2>9. Deine Rechte in Bezug auf pers\u00f6nliche Daten<\/h2><p>Du hast in Bezug auf deine pers\u00f6nlichen Daten die folgenden Rechte:<\/p><ul><li>Du hast das Recht zu wissen, warum deine pers\u00f6nlichen Daten gebraucht werden, was mit ihnen passiert und wie lange diese verwahrt werden.<\/li><li>Zugriffsrecht: Du hast das Recht deine uns bekannten pers\u00f6nliche Daten einzusehen.<\/li><li>Recht auf Berichtigung: Du hast das Recht wann immer du w\u00fcnscht, deine pers\u00f6nlichen Daten zu erg\u00e4nzen, zu korrigieren sowie gel\u00f6scht oder blockiert zu bekommen.<\/li><li>Wenn du uns dein Einverst\u00e4ndnis zur Verarbeitung deiner Daten gegeben hast, hast du das Recht dieses Einverst\u00e4ndnis zu widerrufen und deine pers\u00f6nlichen Daten l\u00f6schen zu lassen.<\/li><li>Recht auf Datentransfer deiner Daten: Du hast das Recht, alle deine pers\u00f6nlichen Daten von einem Kontrolleur anzufordern und in ihrer Gesamtheit zu einem anderen Kontrolleur zu transferieren.<\/li><li>Widerspruchsrecht: Du kannst der Verarbeitung deiner Daten widersprechen. Wir entsprechen dem, es sei denn es gibt berechtigte Gr\u00fcnde f\u00fcr die Verarbeitung.<\/li><\/ul><p>Um diese Rechte auszu\u00fcben kontaktiere uns bitte. Bitte beziehe dich auf die Kontaktdaten am Ende dieser Cookie-Erkl\u00e4rung. Wenn du eine Beschwerde dar\u00fcber hast, wie wir deine Daten behandeln, w\u00fcrden wir diese gerne h\u00f6ren, aber du hast auch das Recht diese an die Aufsichtsbeh\u00f6rde (der Datenschutzbeh\u00f6rde) zu richten.<\/p><h2>10. Kontaktdaten<\/h2><p>F\u00fcr Fragen und\/oder Kommentare \u00fcber unsere Cookie-Richtlinien und diese Aussage kontaktiere uns bitte mittels der folgenden Kontaktdaten:<\/p><p><span class=\"cmplz-contact-country\">Deutschland<\/span><br \/>Website: <span class=\"cmplz-contact-domain\"><a href=\"https:\/\/reitsimulator-rhein-ruhr.de\">https:\/\/reitsimulator-rhein-ruhr.de<\/a><\/span><br \/>E-Mail: info<span class=\"grid-spacing-right\">@reitsimulator-niederrhein.de<\/span><\/p><p>Diese Cookie-Richtlinie wurde mit <a href=\"https:\/\/cookiedatabase.org\/\" target=\"_blank\" rel=\"noopener\">cookiedatabase.org<\/a> am 05. August 2023 synchronisiert.<\/p><\/div><\/div>\t\t\t\t\t\t\t\t<\/div>\n\t\t\t\t<\/div>\n\t\t\t\t\t<\/div>\n\t\t<\/div>\n\t\t\t\t\t<\/div>\n\t\t<\/section>\n\t\t\t\t<\/div>\n\t\t","protected":false},"excerpt":{"rendered":"<p>Diese Cookie-Richtlinie wurde zuletzt am 27. Februar 2023 aktualisiert und gilt f\u00fcr B\u00fcrger und Einwohner mit st\u00e4ndigem Wohnsitz im Europ\u00e4ischen Wirtschaftsraum und der Schweiz. 1. Einf\u00fchrung Unsere Website, https:\/\/reitsimulator-rhein-ruhr.de (im folgenden: &#8222;Die Website&#8220;) verwendet Cookies und \u00e4hnliche Technologien (der Einfachheit halber werden all diese unter &#8222;Cookies&#8220; zusammengefasst). Cookies werden au\u00dferdem von uns beauftragten Drittparteien platziert. [&hellip;]<\/p>\n","protected":false},"author":1,"featured_media":0,"parent":0,"menu_order":0,"comment_status":"closed","ping_status":"open","template":"","meta":{"footnotes":""},"class_list":["post-3","page","type-page","status-publish","hentry"],"yoast_head":"<!-- This site is optimized with the Yoast SEO plugin v27.3 - https:\/\/yoast.com\/product\/yoast-seo-wordpress\/ -->\n<title>Cookie-Richtlinie (EU) - Reitsimulator Niederrhein<\/title>\n<meta name=\"description\" content=\"Cookie-Richtlinie (EU) Reitsimulator Niederrhein Reitsimulator Niederrhein Reitsimulator Niederrhein Coach4Ride\" \/>\n<meta name=\"robots\" content=\"index, follow, max-snippet:-1, max-image-preview:large, max-video-preview:-1\" \/>\n<link rel=\"canonical\" href=\"https:\/\/reitsimulator-rhein-ruhr.de\/index.php\/privacy-policy\/\" \/>\n<meta property=\"og:locale\" content=\"de_DE\" \/>\n<meta property=\"og:type\" content=\"article\" \/>\n<meta property=\"og:title\" content=\"Cookie-Richtlinie (EU) - Reitsimulator Niederrhein\" \/>\n<meta property=\"og:description\" content=\"Cookie-Richtlinie (EU) Reitsimulator Niederrhein Reitsimulator Niederrhein Reitsimulator Niederrhein Coach4Ride\" \/>\n<meta property=\"og:url\" content=\"https:\/\/reitsimulator-rhein-ruhr.de\/index.php\/privacy-policy\/\" \/>\n<meta property=\"og:site_name\" content=\"Reitsimulator Niederrhein\" \/>\n<meta property=\"article:publisher\" content=\"https:\/\/www.facebook.com\/people\/Reitsimulator-Niederrheinde\/100095526519688\/\" \/>\n<meta property=\"article:modified_time\" content=\"2023-08-05T20:12:26+00:00\" \/>\n<meta name=\"twitter:card\" content=\"summary_large_image\" \/>\n<meta name=\"twitter:label1\" content=\"Gesch\u00e4tzte Lesezeit\" \/>\n\t<meta name=\"twitter:data1\" content=\"5\u00a0Minuten\" \/>\n<script type=\"application\/ld+json\" class=\"yoast-schema-graph\">{\"@context\":\"https:\\\/\\\/schema.org\",\"@graph\":[{\"@type\":\"WebPage\",\"@id\":\"https:\\\/\\\/reitsimulator-rhein-ruhr.de\\\/index.php\\\/privacy-policy\\\/\",\"url\":\"https:\\\/\\\/reitsimulator-rhein-ruhr.de\\\/index.php\\\/privacy-policy\\\/\",\"name\":\"Cookie-Richtlinie (EU) - Reitsimulator Niederrhein\",\"isPartOf\":{\"@id\":\"https:\\\/\\\/reitsimulator-rhein-ruhr.de\\\/#website\"},\"datePublished\":\"2023-08-05T17:53:53+00:00\",\"dateModified\":\"2023-08-05T20:12:26+00:00\",\"description\":\"Cookie-Richtlinie (EU) Reitsimulator Niederrhein Reitsimulator Niederrhein Reitsimulator Niederrhein Coach4Ride\",\"breadcrumb\":{\"@id\":\"https:\\\/\\\/reitsimulator-rhein-ruhr.de\\\/index.php\\\/privacy-policy\\\/#breadcrumb\"},\"inLanguage\":\"de\",\"potentialAction\":[{\"@type\":\"ReadAction\",\"target\":[\"https:\\\/\\\/reitsimulator-rhein-ruhr.de\\\/index.php\\\/privacy-policy\\\/\"]}]},{\"@type\":\"BreadcrumbList\",\"@id\":\"https:\\\/\\\/reitsimulator-rhein-ruhr.de\\\/index.php\\\/privacy-policy\\\/#breadcrumb\",\"itemListElement\":[{\"@type\":\"ListItem\",\"position\":1,\"name\":\"Startseite\",\"item\":\"https:\\\/\\\/reitsimulator-rhein-ruhr.de\\\/\"},{\"@type\":\"ListItem\",\"position\":2,\"name\":\"Cookie-Richtlinie (EU)\"}]},{\"@type\":\"WebSite\",\"@id\":\"https:\\\/\\\/reitsimulator-rhein-ruhr.de\\\/#website\",\"url\":\"https:\\\/\\\/reitsimulator-rhein-ruhr.de\\\/\",\"name\":\"Reitsimulator Niederrhein\",\"description\":\"Get ready for passion\",\"publisher\":{\"@id\":\"https:\\\/\\\/reitsimulator-rhein-ruhr.de\\\/#organization\"},\"alternateName\":\"Heike Grube am Dongrathshof Hans-J\u00fcrgen Schmitz\",\"potentialAction\":[{\"@type\":\"SearchAction\",\"target\":{\"@type\":\"EntryPoint\",\"urlTemplate\":\"https:\\\/\\\/reitsimulator-rhein-ruhr.de\\\/?s={search_term_string}\"},\"query-input\":{\"@type\":\"PropertyValueSpecification\",\"valueRequired\":true,\"valueName\":\"search_term_string\"}}],\"inLanguage\":\"de\"},{\"@type\":\"Organization\",\"@id\":\"https:\\\/\\\/reitsimulator-rhein-ruhr.de\\\/#organization\",\"name\":\"Reitsimulator Niederrhein\",\"alternateName\":\"Coach4Ride\",\"url\":\"https:\\\/\\\/reitsimulator-rhein-ruhr.de\\\/\",\"logo\":{\"@type\":\"ImageObject\",\"inLanguage\":\"de\",\"@id\":\"https:\\\/\\\/reitsimulator-rhein-ruhr.de\\\/#\\\/schema\\\/logo\\\/image\\\/\",\"url\":\"https:\\\/\\\/reitsimulator-rhein-ruhr.de\\\/wp-content\\\/uploads\\\/2023\\\/08\\\/89484ade16ecf0abcb4359c5123c5c47.webp\",\"contentUrl\":\"https:\\\/\\\/reitsimulator-rhein-ruhr.de\\\/wp-content\\\/uploads\\\/2023\\\/08\\\/89484ade16ecf0abcb4359c5123c5c47.webp\",\"width\":345,\"height\":380,\"caption\":\"Reitsimulator Niederrhein\"},\"image\":{\"@id\":\"https:\\\/\\\/reitsimulator-rhein-ruhr.de\\\/#\\\/schema\\\/logo\\\/image\\\/\"},\"sameAs\":[\"https:\\\/\\\/www.facebook.com\\\/people\\\/Reitsimulator-Niederrheinde\\\/100095526519688\\\/\",\"https:\\\/\\\/www.instagram.com\\\/heikegrube_coach4ride\\\/\",\"https:\\\/\\\/www.youtube.com\\\/@coach4ride\"]}]}<\/script>\n<!-- \/ Yoast SEO plugin. -->","yoast_head_json":{"title":"Cookie-Richtlinie (EU) - Reitsimulator Niederrhein","description":"Cookie-Richtlinie (EU) Reitsimulator Niederrhein Reitsimulator Niederrhein Reitsimulator Niederrhein Coach4Ride","robots":{"index":"index","follow":"follow","max-snippet":"max-snippet:-1","max-image-preview":"max-image-preview:large","max-video-preview":"max-video-preview:-1"},"canonical":"https:\/\/reitsimulator-rhein-ruhr.de\/index.php\/privacy-policy\/","og_locale":"de_DE","og_type":"article","og_title":"Cookie-Richtlinie (EU) - Reitsimulator Niederrhein","og_description":"Cookie-Richtlinie (EU) Reitsimulator Niederrhein Reitsimulator Niederrhein Reitsimulator Niederrhein Coach4Ride","og_url":"https:\/\/reitsimulator-rhein-ruhr.de\/index.php\/privacy-policy\/","og_site_name":"Reitsimulator Niederrhein","article_publisher":"https:\/\/www.facebook.com\/people\/Reitsimulator-Niederrheinde\/100095526519688\/","article_modified_time":"2023-08-05T20:12:26+00:00","twitter_card":"summary_large_image","twitter_misc":{"Gesch\u00e4tzte Lesezeit":"5\u00a0Minuten"},"schema":{"@context":"https:\/\/schema.org","@graph":[{"@type":"WebPage","@id":"https:\/\/reitsimulator-rhein-ruhr.de\/index.php\/privacy-policy\/","url":"https:\/\/reitsimulator-rhein-ruhr.de\/index.php\/privacy-policy\/","name":"Cookie-Richtlinie (EU) - Reitsimulator Niederrhein","isPartOf":{"@id":"https:\/\/reitsimulator-rhein-ruhr.de\/#website"},"datePublished":"2023-08-05T17:53:53+00:00","dateModified":"2023-08-05T20:12:26+00:00","description":"Cookie-Richtlinie (EU) Reitsimulator Niederrhein Reitsimulator Niederrhein Reitsimulator Niederrhein Coach4Ride","breadcrumb":{"@id":"https:\/\/reitsimulator-rhein-ruhr.de\/index.php\/privacy-policy\/#breadcrumb"},"inLanguage":"de","potentialAction":[{"@type":"ReadAction","target":["https:\/\/reitsimulator-rhein-ruhr.de\/index.php\/privacy-policy\/"]}]},{"@type":"BreadcrumbList","@id":"https:\/\/reitsimulator-rhein-ruhr.de\/index.php\/privacy-policy\/#breadcrumb","itemListElement":[{"@type":"ListItem","position":1,"name":"Startseite","item":"https:\/\/reitsimulator-rhein-ruhr.de\/"},{"@type":"ListItem","position":2,"name":"Cookie-Richtlinie (EU)"}]},{"@type":"WebSite","@id":"https:\/\/reitsimulator-rhein-ruhr.de\/#website","url":"https:\/\/reitsimulator-rhein-ruhr.de\/","name":"Reitsimulator Niederrhein","description":"Get ready for passion","publisher":{"@id":"https:\/\/reitsimulator-rhein-ruhr.de\/#organization"},"alternateName":"Heike Grube am Dongrathshof Hans-J\u00fcrgen Schmitz","potentialAction":[{"@type":"SearchAction","target":{"@type":"EntryPoint","urlTemplate":"https:\/\/reitsimulator-rhein-ruhr.de\/?s={search_term_string}"},"query-input":{"@type":"PropertyValueSpecification","valueRequired":true,"valueName":"search_term_string"}}],"inLanguage":"de"},{"@type":"Organization","@id":"https:\/\/reitsimulator-rhein-ruhr.de\/#organization","name":"Reitsimulator Niederrhein","alternateName":"Coach4Ride","url":"https:\/\/reitsimulator-rhein-ruhr.de\/","logo":{"@type":"ImageObject","inLanguage":"de","@id":"https:\/\/reitsimulator-rhein-ruhr.de\/#\/schema\/logo\/image\/","url":"https:\/\/reitsimulator-rhein-ruhr.de\/wp-content\/uploads\/2023\/08\/89484ade16ecf0abcb4359c5123c5c47.webp","contentUrl":"https:\/\/reitsimulator-rhein-ruhr.de\/wp-content\/uploads\/2023\/08\/89484ade16ecf0abcb4359c5123c5c47.webp","width":345,"height":380,"caption":"Reitsimulator Niederrhein"},"image":{"@id":"https:\/\/reitsimulator-rhein-ruhr.de\/#\/schema\/logo\/image\/"},"sameAs":["https:\/\/www.facebook.com\/people\/Reitsimulator-Niederrheinde\/100095526519688\/","https:\/\/www.instagram.com\/heikegrube_coach4ride\/","https:\/\/www.youtube.com\/@coach4ride"]}]}},"jetpack_sharing_enabled":true,"_links":{"self":[{"href":"https:\/\/reitsimulator-rhein-ruhr.de\/index.php\/wp-json\/wp\/v2\/pages\/3","targetHints":{"allow":["GET"]}}],"collection":[{"href":"https:\/\/reitsimulator-rhein-ruhr.de\/index.php\/wp-json\/wp\/v2\/pages"}],"about":[{"href":"https:\/\/reitsimulator-rhein-ruhr.de\/index.php\/wp-json\/wp\/v2\/types\/page"}],"author":[{"embeddable":true,"href":"https:\/\/reitsimulator-rhein-ruhr.de\/index.php\/wp-json\/wp\/v2\/users\/1"}],"replies":[{"embeddable":true,"href":"https:\/\/reitsimulator-rhein-ruhr.de\/index.php\/wp-json\/wp\/v2\/comments?post=3"}],"version-history":[{"count":9,"href":"https:\/\/reitsimulator-rhein-ruhr.de\/index.php\/wp-json\/wp\/v2\/pages\/3\/revisions"}],"predecessor-version":[{"id":128,"href":"https:\/\/reitsimulator-rhein-ruhr.de\/index.php\/wp-json\/wp\/v2\/pages\/3\/revisions\/128"}],"wp:attachment":[{"href":"https:\/\/reitsimulator-rhein-ruhr.de\/index.php\/wp-json\/wp\/v2\/media?parent=3"}],"curies":[{"name":"wp","href":"https:\/\/api.w.org\/{rel}","templated":true}]}}