{"id":230,"date":"2023-08-08T14:27:24","date_gmt":"2023-08-08T14:27:24","guid":{"rendered":"https:\/\/preview.reitsimulator-niederrhein.de\/?page_id=230"},"modified":"2025-12-30T09:37:39","modified_gmt":"2025-12-30T09:37:39","slug":"elementor-230","status":"publish","type":"page","link":"https:\/\/reitsimulator-rhein-ruhr.de\/index.php\/elementor-230\/","title":{"rendered":"Preise"},"content":{"rendered":"\t\t<div data-elementor-type=\"wp-page\" data-elementor-id=\"230\" class=\"elementor elementor-230\" data-elementor-post-type=\"page\">\n\t\t\t\t<div class=\"elementor-element elementor-element-de50246 e-con-full e-flex e-con e-parent\" data-id=\"de50246\" data-element_type=\"container\" data-e-type=\"container\">\n\t\t<div class=\"elementor-element elementor-element-0a535b3 e-con-full e-flex e-con e-child\" data-id=\"0a535b3\" data-element_type=\"container\" data-e-type=\"container\">\n\t\t\t\t<div class=\"elementor-element elementor-element-de0d071 elementor-widget elementor-widget-heading\" data-id=\"de0d071\" data-element_type=\"widget\" data-e-type=\"widget\" data-widget_type=\"heading.default\">\n\t\t\t\t<div class=\"elementor-widget-container\">\n\t\t\t\t\t<h2 class=\"elementor-heading-title elementor-size-large\">Das Angebot ist immer 1:1 Coaching \n (Personal Training)\n<\/h2>\t\t\t\t<\/div>\n\t\t\t\t<\/div>\n\t\t\t\t<\/div>\n\t\t\t\t<\/div>\n\t\t<div class=\"elementor-element elementor-element-b36a547 e-flex e-con-boxed e-con e-parent\" data-id=\"b36a547\" data-element_type=\"container\" data-e-type=\"container\">\n\t\t\t\t\t<div class=\"e-con-inner\">\n\t\t\t\t<div class=\"elementor-element elementor-element-d6b579d elementor-widget__width-inherit elementor-widget elementor-widget-price-table\" data-id=\"d6b579d\" data-element_type=\"widget\" data-e-type=\"widget\" data-widget_type=\"price-table.default\">\n\t\t\t\t<div class=\"elementor-widget-container\">\n\t\t\t\t\t\n\t\t<div class=\"elementor-price-table\">\n\t\t\t\t\t\t\t<div class=\"elementor-price-table__header\">\n\t\t\t\t\t\t\t\t\t\t\t<h3 class=\"elementor-price-table__heading\">\n\t\t\t\t\t\t30 MINUTEN TRAINING\t\t\t\t\t\t<\/h3>\n\t\t\t\t\t\n\t\t\t\t\t\t\t\t\t<\/div>\n\t\t\t\n\t\t\t<div class=\"elementor-price-table__price\">\n\t\t\t\t\t\t\t\t\t\t\t\t\t\t\t\t\t<span class=\"elementor-price-table__integer-part\">\n\t\t\t\t\t\t35,00\t\t\t\t\t<\/span>\n\t\t\t\t\n\t\t\t\t\n\t\t\t\t<span class=\"elementor-price-table__currency\">&#128;<\/span>\n\t\t\t\t\t\t\t<\/div>\n\n\t\t\t\t\t\t\t<ul class=\"elementor-price-table__features-list\">\n\t\t\t\t\t\t\t\t\t\t\t<li class=\"elementor-repeater-item-a40ebf4\">\n\t\t\t\t\t\t\t<div class=\"elementor-price-table__feature-inner\">\n\t\t\t\t\t\t\t\t\t\t\t\t\t\t\t\t&nbsp;\t\t\t\t\t\t\t<\/div>\n\t\t\t\t\t\t<\/li>\n\t\t\t\t\t\t\t\t\t<\/ul>\n\t\t\t\n\t\t\t\t\t<\/div>\n\n\t\t\t\t\t\t<\/div>\n\t\t\t\t<\/div>\n\t\t\t\t<div class=\"elementor-element elementor-element-677f18b elementor-widget__width-inherit elementor-widget elementor-widget-price-table\" data-id=\"677f18b\" data-element_type=\"widget\" data-e-type=\"widget\" data-widget_type=\"price-table.default\">\n\t\t\t\t<div class=\"elementor-widget-container\">\n\t\t\t\t\t\n\t\t<div class=\"elementor-price-table\">\n\t\t\t\t\t\t\t<div class=\"elementor-price-table__header\">\n\t\t\t\t\t\t\t\t\t\t\t<h3 class=\"elementor-price-table__heading\">\n\t\t\t\t\t\t45 MINUTEN TRAINING\t\t\t\t\t\t<\/h3>\n\t\t\t\t\t\n\t\t\t\t\t\t\t\t\t<\/div>\n\t\t\t\n\t\t\t<div class=\"elementor-price-table__price\">\n\t\t\t\t\t\t\t\t\t\t\t\t\t\t\t\t\t<span class=\"elementor-price-table__integer-part\">\n\t\t\t\t\t\t55,00\t\t\t\t\t<\/span>\n\t\t\t\t\n\t\t\t\t\n\t\t\t\t<span class=\"elementor-price-table__currency\">&#128;<\/span>\n\t\t\t\t\t\t\t<\/div>\n\n\t\t\t\t\t\t\t<ul class=\"elementor-price-table__features-list\">\n\t\t\t\t\t\t\t\t\t\t\t<li class=\"elementor-repeater-item-a40ebf4\">\n\t\t\t\t\t\t\t<div class=\"elementor-price-table__feature-inner\">\n\t\t\t\t\t\t\t\t\t\t\t\t\t\t\t\t&nbsp;\t\t\t\t\t\t\t<\/div>\n\t\t\t\t\t\t<\/li>\n\t\t\t\t\t\t\t\t\t<\/ul>\n\t\t\t\n\t\t\t\t\t<\/div>\n\n\t\t\t\t\t\t<\/div>\n\t\t\t\t<\/div>\n\t\t\t\t<div class=\"elementor-element elementor-element-c4b2424 elementor-widget__width-inherit elementor-widget elementor-widget-price-table\" data-id=\"c4b2424\" data-element_type=\"widget\" data-e-type=\"widget\" data-widget_type=\"price-table.default\">\n\t\t\t\t<div class=\"elementor-widget-container\">\n\t\t\t\t\t\n\t\t<div class=\"elementor-price-table\">\n\t\t\t\t\t\t\t<div class=\"elementor-price-table__header\">\n\t\t\t\t\t\t\t\t\t\t\t<h3 class=\"elementor-price-table__heading\">\n\t\t\t\t\t\t60 MINUTEN TRAINING\t\t\t\t\t\t<\/h3>\n\t\t\t\t\t\n\t\t\t\t\t\t\t\t\t<\/div>\n\t\t\t\n\t\t\t<div class=\"elementor-price-table__price\">\n\t\t\t\t\t\t\t\t\t\t\t\t\t\t\t\t\t<span class=\"elementor-price-table__integer-part\">\n\t\t\t\t\t\t70,00\t\t\t\t\t<\/span>\n\t\t\t\t\n\t\t\t\t\n\t\t\t\t<span class=\"elementor-price-table__currency\">&#128;<\/span>\n\t\t\t\t\t\t\t<\/div>\n\n\t\t\t\t\t\t\t<ul class=\"elementor-price-table__features-list\">\n\t\t\t\t\t\t\t\t\t\t\t<li class=\"elementor-repeater-item-a40ebf4\">\n\t\t\t\t\t\t\t<div class=\"elementor-price-table__feature-inner\">\n\t\t\t\t\t\t\t\t\t\t\t\t\t\t\t\t&nbsp;\t\t\t\t\t\t\t<\/div>\n\t\t\t\t\t\t<\/li>\n\t\t\t\t\t\t\t\t\t<\/ul>\n\t\t\t\n\t\t\t\t\t<\/div>\n\n\t\t\t\t\t\t<\/div>\n\t\t\t\t<\/div>\n\t\t\t\t<div class=\"elementor-element elementor-element-9d1b204 elementor-widget__width-inherit elementor-widget elementor-widget-price-table\" data-id=\"9d1b204\" data-element_type=\"widget\" data-e-type=\"widget\" data-widget_type=\"price-table.default\">\n\t\t\t\t<div class=\"elementor-widget-container\">\n\t\t\t\t\t\n\t\t<div class=\"elementor-price-table\">\n\t\t\t\t\t\t\t<div class=\"elementor-price-table__header\">\n\t\t\t\t\t\t\t\t\t\t\t<h3 class=\"elementor-price-table__heading\">\n\t\t\t\t\t\tREITSIMULATOR TOP-SPOT\t\t\t\t\t\t<\/h3>\n\t\t\t\t\t\n\t\t\t\t\t\t\t\t\t\t\t<span class=\"elementor-price-table__subheading\">\n\t\t\t\t\t\t\tFull Service\t\t\t\t\t\t<\/span>\n\t\t\t\t\t\t\t\t\t<\/div>\n\t\t\t\n\t\t\t<div class=\"elementor-price-table__price\">\n\t\t\t\t\t\t\t\t\t\t\t\t\t\t\t\t\t<span class=\"elementor-price-table__integer-part\">\n\t\t\t\t\t\t95,00\t\t\t\t\t<\/span>\n\t\t\t\t\n\t\t\t\t\n\t\t\t\t<span class=\"elementor-price-table__currency\">&#128;<\/span>\n\t\t\t\t\t\t\t<\/div>\n\n\t\t\t\t\t\t\t<ul class=\"elementor-price-table__features-list\">\n\t\t\t\t\t\t\t\t\t\t\t<li class=\"elementor-repeater-item-a40ebf4\">\n\t\t\t\t\t\t\t<div class=\"elementor-price-table__feature-inner\">\n\t\t\t\t\t\t\t\t<i aria-hidden=\"true\" class=\"far fa-check-circle\"><\/i>\t\t\t\t\t\t\t\t\t\t\t\t\t\t\t\t\t<span >\n\t\t\t\t\t\t\t\t\t\t75 Minuten\t\t\t\t\t\t\t\t\t<\/span>\n\t\t\t\t\t\t\t\t\t\t\t\t\t\t\t\t<\/div>\n\t\t\t\t\t\t<\/li>\n\t\t\t\t\t\t\t\t\t\t\t<li class=\"elementor-repeater-item-c7196ed\">\n\t\t\t\t\t\t\t<div class=\"elementor-price-table__feature-inner\">\n\t\t\t\t\t\t\t\t<i aria-hidden=\"true\" class=\"far fa-check-circle\"><\/i>\t\t\t\t\t\t\t\t\t\t\t\t\t\t\t\t\t<span >\n\t\t\t\t\t\t\t\t\t\tKennenlernen der Funktionen des Reitsimulators mit Viereck oder Gel\u00e4nde (RDA-Software)\t\t\t\t\t\t\t\t\t<\/span>\n\t\t\t\t\t\t\t\t\t\t\t\t\t\t\t\t<\/div>\n\t\t\t\t\t\t<\/li>\n\t\t\t\t\t\t\t\t\t\t\t<li class=\"elementor-repeater-item-c26b5fd\">\n\t\t\t\t\t\t\t<div class=\"elementor-price-table__feature-inner\">\n\t\t\t\t\t\t\t\t<i aria-hidden=\"true\" class=\"far fa-check-circle\"><\/i>\t\t\t\t\t\t\t\t\t\t\t\t\t\t\t\t\t<span >\n\t\t\t\t\t\t\t\t\t\tVoraussetzung f\u00fcr freie Trainingseinheiten\t\t\t\t\t\t\t\t\t<\/span>\n\t\t\t\t\t\t\t\t\t\t\t\t\t\t\t\t<\/div>\n\t\t\t\t\t\t<\/li>\n\t\t\t\t\t\t\t\t\t\t\t<li class=\"elementor-repeater-item-c3c33da\">\n\t\t\t\t\t\t\t<div class=\"elementor-price-table__feature-inner\">\n\t\t\t\t\t\t\t\t<i aria-hidden=\"true\" class=\"far fa-check-circle\"><\/i>\t\t\t\t\t\t\t\t\t\t\t\t\t\t\t\t\t<span >\n\t\t\t\t\t\t\t\t\t\tEmpfehlung vorab oder als Top-Spot\t\t\t\t\t\t\t\t\t<\/span>\n\t\t\t\t\t\t\t\t\t\t\t\t\t\t\t\t<\/div>\n\t\t\t\t\t\t<\/li>\n\t\t\t\t\t\t\t\t\t<\/ul>\n\t\t\t\n\t\t\t\t\t<\/div>\n\n\t\t\t\t\t<div class=\"elementor-ribbon elementor-ribbon-left\">\n\t\t\t\t<div class=\"elementor-ribbon-inner\">\n\t\t\t\t\tHighlight\t\t\t\t<\/div>\n\t\t\t<\/div>\n\t\t\t\t\t\t\t<\/div>\n\t\t\t\t<\/div>\n\t\t\t\t<div class=\"elementor-element elementor-element-82ae035 elementor-widget__width-inherit elementor-widget elementor-widget-price-table\" data-id=\"82ae035\" data-element_type=\"widget\" data-e-type=\"widget\" data-widget_type=\"price-table.default\">\n\t\t\t\t<div class=\"elementor-widget-container\">\n\t\t\t\t\t\n\t\t<div class=\"elementor-price-table\">\n\t\t\t\t\t\t\t<div class=\"elementor-price-table__header\">\n\t\t\t\t\t\t\t\t\t\t\t<h3 class=\"elementor-price-table__heading\">\n\t\t\t\t\t\t15 MINUTEN  und Kids-Training\t\t\t\t\t\t<\/h3>\n\t\t\t\t\t\n\t\t\t\t\t\t\t\t\t<\/div>\n\t\t\t\n\t\t\t<div class=\"elementor-price-table__price\">\n\t\t\t\t\t\t\t\t\t\t\t\t\t\t\t\t\t<span class=\"elementor-price-table__integer-part\">\n\t\t\t\t\t\t18,00\t\t\t\t\t<\/span>\n\t\t\t\t\n\t\t\t\t\n\t\t\t\t<span class=\"elementor-price-table__currency\">&#128;<\/span>\n\t\t\t\t\t\t\t<\/div>\n\n\t\t\t\t\t\t\t<ul class=\"elementor-price-table__features-list\">\n\t\t\t\t\t\t\t\t\t\t\t<li class=\"elementor-repeater-item-a40ebf4\">\n\t\t\t\t\t\t\t<div class=\"elementor-price-table__feature-inner\">\n\t\t\t\t\t\t\t\t\t\t\t\t\t\t\t\t&nbsp;\t\t\t\t\t\t\t<\/div>\n\t\t\t\t\t\t<\/li>\n\t\t\t\t\t\t\t\t\t<\/ul>\n\t\t\t\n\t\t\t\t\t<\/div>\n\n\t\t\t\t\t\t<\/div>\n\t\t\t\t<\/div>\n\t\t\t\t\t<\/div>\n\t\t\t\t<\/div>\n\t\t<div class=\"elementor-element elementor-element-073f2a0 e-flex e-con-boxed e-con e-parent\" data-id=\"073f2a0\" data-element_type=\"container\" data-e-type=\"container\">\n\t\t\t\t\t<div class=\"e-con-inner\">\n\t\t<div class=\"elementor-element elementor-element-a788df8 e-grid e-con-boxed e-con e-child\" data-id=\"a788df8\" data-element_type=\"container\" data-e-type=\"container\">\n\t\t\t\t\t<div class=\"e-con-inner\">\n\t\t\t\t<div class=\"elementor-element elementor-element-9957ac4 elementor-widget elementor-widget-text-editor\" data-id=\"9957ac4\" data-element_type=\"widget\" data-e-type=\"widget\" data-widget_type=\"text-editor.default\">\n\t\t\t\t<div class=\"elementor-widget-container\">\n\t\t\t\t\t\t\t\t\t<p>Training<\/p>\t\t\t\t\t\t\t\t<\/div>\n\t\t\t\t<\/div>\n\t\t\t\t<div class=\"elementor-element elementor-element-7bf3b8e elementor-widget elementor-widget-text-editor\" data-id=\"7bf3b8e\" data-element_type=\"widget\" data-e-type=\"widget\" data-widget_type=\"text-editor.default\">\n\t\t\t\t<div class=\"elementor-widget-container\">\n\t\t\t\t\t\t\t\t\t<p>Preis<\/p>\t\t\t\t\t\t\t\t<\/div>\n\t\t\t\t<\/div>\n\t\t\t\t<div class=\"elementor-element elementor-element-ea47375 elementor-widget elementor-widget-text-editor\" data-id=\"ea47375\" data-element_type=\"widget\" data-e-type=\"widget\" data-widget_type=\"text-editor.default\">\n\t\t\t\t<div class=\"elementor-widget-container\">\n\t\t\t\t\t\t\t\t\t<p style=\"text-align: center;\">Preis in Verbindung mit Reitstunden am Dongrathshof<\/p>\t\t\t\t\t\t\t\t<\/div>\n\t\t\t\t<\/div>\n\t\t\t\t<div class=\"elementor-element elementor-element-a1c06a0 elementor-widget elementor-widget-text-editor\" data-id=\"a1c06a0\" data-element_type=\"widget\" data-e-type=\"widget\" data-widget_type=\"text-editor.default\">\n\t\t\t\t<div class=\"elementor-widget-container\">\n\t\t\t\t\t\t\t\t\t<p>30 MINUTEN TRAINING<\/p>\t\t\t\t\t\t\t\t<\/div>\n\t\t\t\t<\/div>\n\t\t\t\t<div class=\"elementor-element elementor-element-b1b0553 elementor-widget elementor-widget-text-editor\" data-id=\"b1b0553\" data-element_type=\"widget\" data-e-type=\"widget\" data-widget_type=\"text-editor.default\">\n\t\t\t\t<div class=\"elementor-widget-container\">\n\t\t\t\t\t\t\t\t\t<p>45,00 \u20ac<\/p>\t\t\t\t\t\t\t\t<\/div>\n\t\t\t\t<\/div>\n\t\t\t\t<div class=\"elementor-element elementor-element-14d8251 elementor-widget elementor-widget-text-editor\" data-id=\"14d8251\" data-element_type=\"widget\" data-e-type=\"widget\" data-widget_type=\"text-editor.default\">\n\t\t\t\t<div class=\"elementor-widget-container\">\n\t\t\t\t\t\t\t\t\t<p>\u00a0\u20ac<\/p>\t\t\t\t\t\t\t\t<\/div>\n\t\t\t\t<\/div>\n\t\t\t\t<div class=\"elementor-element elementor-element-ebd6cd5 elementor-widget elementor-widget-text-editor\" data-id=\"ebd6cd5\" data-element_type=\"widget\" data-e-type=\"widget\" data-widget_type=\"text-editor.default\">\n\t\t\t\t<div class=\"elementor-widget-container\">\n\t\t\t\t\t\t\t\t\t<p>45 MINUTEN TRAINING<\/p>\t\t\t\t\t\t\t\t<\/div>\n\t\t\t\t<\/div>\n\t\t\t\t<div class=\"elementor-element elementor-element-279b08a elementor-widget elementor-widget-text-editor\" data-id=\"279b08a\" data-element_type=\"widget\" data-e-type=\"widget\" data-widget_type=\"text-editor.default\">\n\t\t\t\t<div class=\"elementor-widget-container\">\n\t\t\t\t\t\t\t\t\t<p>65,00 \u20ac<\/p>\t\t\t\t\t\t\t\t<\/div>\n\t\t\t\t<\/div>\n\t\t\t\t<div class=\"elementor-element elementor-element-2398d0e elementor-widget elementor-widget-text-editor\" data-id=\"2398d0e\" data-element_type=\"widget\" data-e-type=\"widget\" data-widget_type=\"text-editor.default\">\n\t\t\t\t<div class=\"elementor-widget-container\">\n\t\t\t\t\t\t\t\t\t<p>\u00a0\u20ac<\/p>\t\t\t\t\t\t\t\t<\/div>\n\t\t\t\t<\/div>\n\t\t\t\t<div class=\"elementor-element elementor-element-3314127 elementor-widget elementor-widget-text-editor\" data-id=\"3314127\" data-element_type=\"widget\" data-e-type=\"widget\" data-widget_type=\"text-editor.default\">\n\t\t\t\t<div class=\"elementor-widget-container\">\n\t\t\t\t\t\t\t\t\t<p>60 MINUTEN TRAINING<\/p>\t\t\t\t\t\t\t\t<\/div>\n\t\t\t\t<\/div>\n\t\t\t\t<div class=\"elementor-element elementor-element-56cee63 elementor-widget elementor-widget-text-editor\" data-id=\"56cee63\" data-element_type=\"widget\" data-e-type=\"widget\" data-widget_type=\"text-editor.default\">\n\t\t\t\t<div class=\"elementor-widget-container\">\n\t\t\t\t\t\t\t\t\t<p>85,00 \u20ac<\/p>\t\t\t\t\t\t\t\t<\/div>\n\t\t\t\t<\/div>\n\t\t\t\t<div class=\"elementor-element elementor-element-6e8da2a elementor-widget elementor-widget-text-editor\" data-id=\"6e8da2a\" data-element_type=\"widget\" data-e-type=\"widget\" data-widget_type=\"text-editor.default\">\n\t\t\t\t<div class=\"elementor-widget-container\">\n\t\t\t\t\t\t\t\t\t<p>\u00a0\u20ac<\/p>\t\t\t\t\t\t\t\t<\/div>\n\t\t\t\t<\/div>\n\t\t\t\t\t<\/div>\n\t\t\t\t<\/div>\n\t\t\t\t<div class=\"elementor-element elementor-element-46fd785 elementor-widget elementor-widget-text-editor\" data-id=\"46fd785\" data-element_type=\"widget\" data-e-type=\"widget\" data-widget_type=\"text-editor.default\">\n\t\t\t\t<div class=\"elementor-widget-container\">\n\t\t\t\t\t\t\t\t\t<p>[table id=1 \/]<\/p>\t\t\t\t\t\t\t\t<\/div>\n\t\t\t\t<\/div>\n\t\t\t\t<div class=\"elementor-element elementor-element-b1aa84f elementor-widget elementor-widget-text-editor\" data-id=\"b1aa84f\" data-element_type=\"widget\" data-e-type=\"widget\" data-widget_type=\"text-editor.default\">\n\t\t\t\t<div class=\"elementor-widget-container\">\n\t\t\t\t\t\t\t\t\t<ul><li><span style=\"color: #ff0000;\"><strong>Bitte beachten:<\/strong><\/span><\/li><li><span style=\"color: #ff6600;\"><strong>Gebuchte und best\u00e4tigte Termine werden extra f\u00fcr Sie freigehalten!\u00a0<\/strong><\/span><\/li><li><span style=\"color: #ff6600;\"><strong> Sollten Sie Ihren Termin nicht wahrnehmen k\u00f6nnen, teilen Sie mir dies bitte mindestens 24 Stunden vorher schriftlich per Whattsapp\u00a0 mit, damit ich die M\u00f6glichkeit habe, die Zeit an eine andere Person vergeben zu k\u00f6nnen. Versp\u00e4tete Absagen muss ich leider als Ausfallzeit berechnen.<\/strong><\/span><\/li><li><strong style=\"color: #ff6600;\">Mit der Terminvereinbarung erkl\u00e4ren Sie sich hiermit einverstanden!<\/strong><\/li><\/ul>\t\t\t\t\t\t\t\t<\/div>\n\t\t\t\t<\/div>\n\t\t\t\t<div class=\"elementor-element elementor-element-11b6069 elementor-widget elementor-widget-text-editor\" data-id=\"11b6069\" data-element_type=\"widget\" data-e-type=\"widget\" data-widget_type=\"text-editor.default\">\n\t\t\t\t<div class=\"elementor-widget-container\">\n\t\t\t\t\t\t\t\t\t<p>\u00a0<\/p><p style=\"text-align: center;\">Preise sind g\u00fcltig ab 01. September 2025<\/p>\t\t\t\t\t\t\t\t<\/div>\n\t\t\t\t<\/div>\n\t\t\t\t\t<\/div>\n\t\t\t\t<\/div>\n\t\t\t\t<\/div>\n\t\t","protected":false},"excerpt":{"rendered":"<p>Das Angebot ist immer 1:1 Coaching (Personal Training) 30 MINUTEN TRAINING 35,00 &#8364; &nbsp; 45 MINUTEN TRAINING 55,00 &#8364; &nbsp; 60 MINUTEN TRAINING 70,00 &#8364; &nbsp; REITSIMULATOR TOP-SPOT Full Service 95,00 &#8364; 75 Minuten Kennenlernen der Funktionen des Reitsimulators mit Viereck oder Gel\u00e4nde (RDA-Software) Voraussetzung f\u00fcr freie Trainingseinheiten Empfehlung vorab oder als Top-Spot Highlight 15 [&hellip;]<\/p>\n","protected":false},"author":1,"featured_media":0,"parent":0,"menu_order":0,"comment_status":"closed","ping_status":"closed","template":"","meta":{"footnotes":""},"class_list":["post-230","page","type-page","status-publish","hentry"],"yoast_head":"<!-- This site is optimized with the Yoast SEO plugin v27.3 - https:\/\/yoast.com\/product\/yoast-seo-wordpress\/ -->\n<title>Preise - Reitsimulator Niederrhein<\/title>\n<meta name=\"description\" content=\"Preise Reitsimulator Niederrhein Reitsimulator Niederrhein Reitsimulator Niederrhein Coach4Ride\" \/>\n<meta name=\"robots\" content=\"index, follow, max-snippet:-1, max-image-preview:large, max-video-preview:-1\" \/>\n<link rel=\"canonical\" href=\"https:\/\/reitsimulator-rhein-ruhr.de\/index.php\/elementor-230\/\" \/>\n<meta property=\"og:locale\" content=\"de_DE\" \/>\n<meta property=\"og:type\" content=\"article\" \/>\n<meta property=\"og:title\" content=\"Preise - Reitsimulator Niederrhein\" \/>\n<meta property=\"og:description\" content=\"Preise Reitsimulator Niederrhein Reitsimulator Niederrhein Reitsimulator Niederrhein Coach4Ride\" \/>\n<meta property=\"og:url\" content=\"https:\/\/reitsimulator-rhein-ruhr.de\/index.php\/elementor-230\/\" \/>\n<meta property=\"og:site_name\" content=\"Reitsimulator Niederrhein\" \/>\n<meta property=\"article:publisher\" content=\"https:\/\/www.facebook.com\/people\/Reitsimulator-Niederrheinde\/100095526519688\/\" \/>\n<meta property=\"article:modified_time\" content=\"2025-12-30T09:37:39+00:00\" \/>\n<meta name=\"twitter:card\" content=\"summary_large_image\" \/>\n<meta name=\"twitter:label1\" content=\"Gesch\u00e4tzte Lesezeit\" \/>\n\t<meta name=\"twitter:data1\" content=\"1\u00a0Minute\" \/>\n<script type=\"application\/ld+json\" class=\"yoast-schema-graph\">{\"@context\":\"https:\\\/\\\/schema.org\",\"@graph\":[{\"@type\":\"WebPage\",\"@id\":\"https:\\\/\\\/reitsimulator-rhein-ruhr.de\\\/index.php\\\/elementor-230\\\/\",\"url\":\"https:\\\/\\\/reitsimulator-rhein-ruhr.de\\\/index.php\\\/elementor-230\\\/\",\"name\":\"Preise - Reitsimulator Niederrhein\",\"isPartOf\":{\"@id\":\"https:\\\/\\\/reitsimulator-rhein-ruhr.de\\\/#website\"},\"datePublished\":\"2023-08-08T14:27:24+00:00\",\"dateModified\":\"2025-12-30T09:37:39+00:00\",\"description\":\"Preise Reitsimulator Niederrhein Reitsimulator Niederrhein Reitsimulator Niederrhein Coach4Ride\",\"breadcrumb\":{\"@id\":\"https:\\\/\\\/reitsimulator-rhein-ruhr.de\\\/index.php\\\/elementor-230\\\/#breadcrumb\"},\"inLanguage\":\"de\",\"potentialAction\":[{\"@type\":\"ReadAction\",\"target\":[\"https:\\\/\\\/reitsimulator-rhein-ruhr.de\\\/index.php\\\/elementor-230\\\/\"]}]},{\"@type\":\"BreadcrumbList\",\"@id\":\"https:\\\/\\\/reitsimulator-rhein-ruhr.de\\\/index.php\\\/elementor-230\\\/#breadcrumb\",\"itemListElement\":[{\"@type\":\"ListItem\",\"position\":1,\"name\":\"Startseite\",\"item\":\"https:\\\/\\\/reitsimulator-rhein-ruhr.de\\\/\"},{\"@type\":\"ListItem\",\"position\":2,\"name\":\"Preise\"}]},{\"@type\":\"WebSite\",\"@id\":\"https:\\\/\\\/reitsimulator-rhein-ruhr.de\\\/#website\",\"url\":\"https:\\\/\\\/reitsimulator-rhein-ruhr.de\\\/\",\"name\":\"Reitsimulator Niederrhein\",\"description\":\"Get ready for passion\",\"publisher\":{\"@id\":\"https:\\\/\\\/reitsimulator-rhein-ruhr.de\\\/#organization\"},\"alternateName\":\"Heike Grube am Dongrathshof Hans-J\u00fcrgen Schmitz\",\"potentialAction\":[{\"@type\":\"SearchAction\",\"target\":{\"@type\":\"EntryPoint\",\"urlTemplate\":\"https:\\\/\\\/reitsimulator-rhein-ruhr.de\\\/?s={search_term_string}\"},\"query-input\":{\"@type\":\"PropertyValueSpecification\",\"valueRequired\":true,\"valueName\":\"search_term_string\"}}],\"inLanguage\":\"de\"},{\"@type\":\"Organization\",\"@id\":\"https:\\\/\\\/reitsimulator-rhein-ruhr.de\\\/#organization\",\"name\":\"Reitsimulator Niederrhein\",\"alternateName\":\"Coach4Ride\",\"url\":\"https:\\\/\\\/reitsimulator-rhein-ruhr.de\\\/\",\"logo\":{\"@type\":\"ImageObject\",\"inLanguage\":\"de\",\"@id\":\"https:\\\/\\\/reitsimulator-rhein-ruhr.de\\\/#\\\/schema\\\/logo\\\/image\\\/\",\"url\":\"https:\\\/\\\/reitsimulator-rhein-ruhr.de\\\/wp-content\\\/uploads\\\/2023\\\/08\\\/89484ade16ecf0abcb4359c5123c5c47.webp\",\"contentUrl\":\"https:\\\/\\\/reitsimulator-rhein-ruhr.de\\\/wp-content\\\/uploads\\\/2023\\\/08\\\/89484ade16ecf0abcb4359c5123c5c47.webp\",\"width\":345,\"height\":380,\"caption\":\"Reitsimulator Niederrhein\"},\"image\":{\"@id\":\"https:\\\/\\\/reitsimulator-rhein-ruhr.de\\\/#\\\/schema\\\/logo\\\/image\\\/\"},\"sameAs\":[\"https:\\\/\\\/www.facebook.com\\\/people\\\/Reitsimulator-Niederrheinde\\\/100095526519688\\\/\",\"https:\\\/\\\/www.instagram.com\\\/heikegrube_coach4ride\\\/\",\"https:\\\/\\\/www.youtube.com\\\/@coach4ride\"]}]}<\/script>\n<!-- \/ Yoast SEO plugin. -->","yoast_head_json":{"title":"Preise - Reitsimulator Niederrhein","description":"Preise Reitsimulator Niederrhein Reitsimulator Niederrhein Reitsimulator Niederrhein Coach4Ride","robots":{"index":"index","follow":"follow","max-snippet":"max-snippet:-1","max-image-preview":"max-image-preview:large","max-video-preview":"max-video-preview:-1"},"canonical":"https:\/\/reitsimulator-rhein-ruhr.de\/index.php\/elementor-230\/","og_locale":"de_DE","og_type":"article","og_title":"Preise - Reitsimulator Niederrhein","og_description":"Preise Reitsimulator Niederrhein Reitsimulator Niederrhein Reitsimulator Niederrhein Coach4Ride","og_url":"https:\/\/reitsimulator-rhein-ruhr.de\/index.php\/elementor-230\/","og_site_name":"Reitsimulator Niederrhein","article_publisher":"https:\/\/www.facebook.com\/people\/Reitsimulator-Niederrheinde\/100095526519688\/","article_modified_time":"2025-12-30T09:37:39+00:00","twitter_card":"summary_large_image","twitter_misc":{"Gesch\u00e4tzte Lesezeit":"1\u00a0Minute"},"schema":{"@context":"https:\/\/schema.org","@graph":[{"@type":"WebPage","@id":"https:\/\/reitsimulator-rhein-ruhr.de\/index.php\/elementor-230\/","url":"https:\/\/reitsimulator-rhein-ruhr.de\/index.php\/elementor-230\/","name":"Preise - Reitsimulator Niederrhein","isPartOf":{"@id":"https:\/\/reitsimulator-rhein-ruhr.de\/#website"},"datePublished":"2023-08-08T14:27:24+00:00","dateModified":"2025-12-30T09:37:39+00:00","description":"Preise Reitsimulator Niederrhein Reitsimulator Niederrhein Reitsimulator Niederrhein Coach4Ride","breadcrumb":{"@id":"https:\/\/reitsimulator-rhein-ruhr.de\/index.php\/elementor-230\/#breadcrumb"},"inLanguage":"de","potentialAction":[{"@type":"ReadAction","target":["https:\/\/reitsimulator-rhein-ruhr.de\/index.php\/elementor-230\/"]}]},{"@type":"BreadcrumbList","@id":"https:\/\/reitsimulator-rhein-ruhr.de\/index.php\/elementor-230\/#breadcrumb","itemListElement":[{"@type":"ListItem","position":1,"name":"Startseite","item":"https:\/\/reitsimulator-rhein-ruhr.de\/"},{"@type":"ListItem","position":2,"name":"Preise"}]},{"@type":"WebSite","@id":"https:\/\/reitsimulator-rhein-ruhr.de\/#website","url":"https:\/\/reitsimulator-rhein-ruhr.de\/","name":"Reitsimulator Niederrhein","description":"Get ready for passion","publisher":{"@id":"https:\/\/reitsimulator-rhein-ruhr.de\/#organization"},"alternateName":"Heike Grube am Dongrathshof Hans-J\u00fcrgen Schmitz","potentialAction":[{"@type":"SearchAction","target":{"@type":"EntryPoint","urlTemplate":"https:\/\/reitsimulator-rhein-ruhr.de\/?s={search_term_string}"},"query-input":{"@type":"PropertyValueSpecification","valueRequired":true,"valueName":"search_term_string"}}],"inLanguage":"de"},{"@type":"Organization","@id":"https:\/\/reitsimulator-rhein-ruhr.de\/#organization","name":"Reitsimulator Niederrhein","alternateName":"Coach4Ride","url":"https:\/\/reitsimulator-rhein-ruhr.de\/","logo":{"@type":"ImageObject","inLanguage":"de","@id":"https:\/\/reitsimulator-rhein-ruhr.de\/#\/schema\/logo\/image\/","url":"https:\/\/reitsimulator-rhein-ruhr.de\/wp-content\/uploads\/2023\/08\/89484ade16ecf0abcb4359c5123c5c47.webp","contentUrl":"https:\/\/reitsimulator-rhein-ruhr.de\/wp-content\/uploads\/2023\/08\/89484ade16ecf0abcb4359c5123c5c47.webp","width":345,"height":380,"caption":"Reitsimulator Niederrhein"},"image":{"@id":"https:\/\/reitsimulator-rhein-ruhr.de\/#\/schema\/logo\/image\/"},"sameAs":["https:\/\/www.facebook.com\/people\/Reitsimulator-Niederrheinde\/100095526519688\/","https:\/\/www.instagram.com\/heikegrube_coach4ride\/","https:\/\/www.youtube.com\/@coach4ride"]}]}},"jetpack_sharing_enabled":true,"_links":{"self":[{"href":"https:\/\/reitsimulator-rhein-ruhr.de\/index.php\/wp-json\/wp\/v2\/pages\/230","targetHints":{"allow":["GET"]}}],"collection":[{"href":"https:\/\/reitsimulator-rhein-ruhr.de\/index.php\/wp-json\/wp\/v2\/pages"}],"about":[{"href":"https:\/\/reitsimulator-rhein-ruhr.de\/index.php\/wp-json\/wp\/v2\/types\/page"}],"author":[{"embeddable":true,"href":"https:\/\/reitsimulator-rhein-ruhr.de\/index.php\/wp-json\/wp\/v2\/users\/1"}],"replies":[{"embeddable":true,"href":"https:\/\/reitsimulator-rhein-ruhr.de\/index.php\/wp-json\/wp\/v2\/comments?post=230"}],"version-history":[{"count":332,"href":"https:\/\/reitsimulator-rhein-ruhr.de\/index.php\/wp-json\/wp\/v2\/pages\/230\/revisions"}],"predecessor-version":[{"id":1136,"href":"https:\/\/reitsimulator-rhein-ruhr.de\/index.php\/wp-json\/wp\/v2\/pages\/230\/revisions\/1136"}],"wp:attachment":[{"href":"https:\/\/reitsimulator-rhein-ruhr.de\/index.php\/wp-json\/wp\/v2\/media?parent=230"}],"curies":[{"name":"wp","href":"https:\/\/api.w.org\/{rel}","templated":true}]}}